{"id":201363,"date":"2022-02-23T15:56:38","date_gmt":"2022-02-23T14:56:38","guid":{"rendered":"https:\/\/bluon.io\/magazine\/"},"modified":"2025-04-08T14:44:16","modified_gmt":"2025-04-08T12:44:16","slug":"magazine","status":"publish","type":"page","link":"https:\/\/bluon.io\/es\/magazine\/","title":{"rendered":"Magazine"},"content":{"rendered":"\t\t<div data-elementor-type=\"wp-page\" data-elementor-id=\"201363\" class=\"elementor elementor-201363 elementor-1282\" data-elementor-post-type=\"page\">\n\t\t\t\t\t\t<section class=\"wd-negative-gap elementor-section elementor-top-section elementor-element elementor-element-54040e77 elementor-section-full_width elementor-section-height-min-height elementor-section-items-stretch elementor-section-height-default\" data-id=\"54040e77\" data-element_type=\"section\" data-e-type=\"section\">\n\t\t\t\t\t\t\t<div class=\"elementor-background-overlay\"><\/div>\n\t\t\t\t\t\t\t<div class=\"elementor-container elementor-column-gap-default\">\n\t\t\t\t\t<div class=\"elementor-column elementor-col-100 elementor-top-column elementor-element elementor-element-4f769ef3\" data-id=\"4f769ef3\" data-element_type=\"column\" data-e-type=\"column\">\n\t\t\t<div class=\"elementor-widget-wrap elementor-element-populated\">\n\t\t\t\t\t\t<div class=\"elementor-element elementor-element-7b601c9 elementor-grid-2 elementor-grid-tablet-1 elementor-widget__width-inherit elementor-posts--align-center elementor-grid-mobile-1 elementor-posts--thumbnail-top elementor-widget elementor-widget-posts\" data-id=\"7b601c9\" data-element_type=\"widget\" data-e-type=\"widget\" data-settings=\"{&quot;classic_columns&quot;:&quot;2&quot;,&quot;classic_columns_tablet&quot;:&quot;1&quot;,&quot;classic_columns_mobile&quot;:&quot;1&quot;,&quot;classic_row_gap&quot;:{&quot;unit&quot;:&quot;px&quot;,&quot;size&quot;:35,&quot;sizes&quot;:[]},&quot;classic_row_gap_tablet&quot;:{&quot;unit&quot;:&quot;px&quot;,&quot;size&quot;:&quot;&quot;,&quot;sizes&quot;:[]},&quot;classic_row_gap_mobile&quot;:{&quot;unit&quot;:&quot;px&quot;,&quot;size&quot;:&quot;&quot;,&quot;sizes&quot;:[]}}\" data-widget_type=\"posts.classic\">\n\t\t\t\t<div class=\"elementor-widget-container\">\n\t\t\t\t\t\t\t<div class=\"elementor-posts-container elementor-posts elementor-posts--skin-classic elementor-grid\" role=\"list\">\n\t\t\t\t<article class=\"elementor-post elementor-grid-item post-201359 post type-post status-publish format-standard has-post-thumbnail hentry category-bluon-es category-kids-es category-noticias category-tecnologia-es\" role=\"listitem\">\n\t\t\t\t<a class=\"elementor-post__thumbnail__link\" href=\"https:\/\/bluon.io\/es\/la-pulsera-inteligente-bluon-me-fue-galardonada-en-el-nfc-forum-con-el-premio-a-la-innovacion\/\" tabindex=\"-1\" target=&quot;_blank&quot;>\n\t\t\t<div class=\"elementor-post__thumbnail\"><img loading=\"lazy\" decoding=\"async\" width=\"1280\" height=\"960\" src=\"https:\/\/bluon.io\/wp-content\/uploads\/2024\/10\/semiperdo_nfc_award.jpg\" class=\"attachment-full size-full wp-image-208140\" alt=\"\" srcset=\"https:\/\/bluon.io\/wp-content\/uploads\/2024\/10\/semiperdo_nfc_award.jpg 1280w, https:\/\/bluon.io\/wp-content\/uploads\/2024\/10\/semiperdo_nfc_award-350x263.jpg 350w, https:\/\/bluon.io\/wp-content\/uploads\/2024\/10\/semiperdo_nfc_award-150x113.jpg 150w, https:\/\/bluon.io\/wp-content\/uploads\/2024\/10\/semiperdo_nfc_award-680x510.jpg 680w, https:\/\/bluon.io\/wp-content\/uploads\/2024\/10\/semiperdo_nfc_award-300x225.jpg 300w, https:\/\/bluon.io\/wp-content\/uploads\/2024\/10\/semiperdo_nfc_award-1024x768.jpg 1024w, https:\/\/bluon.io\/wp-content\/uploads\/2024\/10\/semiperdo_nfc_award-768x576.jpg 768w\" sizes=\"auto, (max-width: 1280px) 100vw, 1280px\" \/><\/div>\n\t\t<\/a>\n\t\t\t\t<div class=\"elementor-post__text\">\n\t\t\t\t<h1 class=\"elementor-post__title\">\n\t\t\t<a href=\"https:\/\/bluon.io\/es\/la-pulsera-inteligente-bluon-me-fue-galardonada-en-el-nfc-forum-con-el-premio-a-la-innovacion\/\" target=&quot;_blank&quot;>\n\t\t\t\tLa pulsera inteligente bluon.me fue galardonada en el NFC Forum con el Premio a la Innovaci\u00f3n\t\t\t<\/a>\n\t\t<\/h1>\n\t\t\t\t<div class=\"elementor-post__excerpt\">\n\t\t\t<p>Al ser galardonado con el Innovation Award, Blu Oberon refuerza su posici\u00f3n como l\u00edder en innovaci\u00f3n para las familias, destacando c\u00f3mo la tecnolog\u00eda puede utilizarse para abordar necesidades reales y mejorar la vida cotidiana.<\/p>\n\t\t<\/div>\n\t\t\n\t\t<a class=\"elementor-post__read-more\" href=\"https:\/\/bluon.io\/es\/la-pulsera-inteligente-bluon-me-fue-galardonada-en-el-nfc-forum-con-el-premio-a-la-innovacion\/\" aria-label=\"M\u00e1s informaci\u00f3n sobre La pulsera inteligente bluon.me fue galardonada en el NFC Forum con el Premio a la Innovaci\u00f3n\" tabindex=\"-1\" target=\"_blank\">\n\t\t\tLeer m\u00e1s \u00bb\t\t<\/a>\n\n\t\t\t\t<\/div>\n\t\t\t\t<\/article>\n\t\t\t\t<article class=\"elementor-post elementor-grid-item post-201905 post type-post status-publish format-standard has-post-thumbnail hentry category-bluon-es category-kids-es category-noticias category-tecnologia-es\" role=\"listitem\">\n\t\t\t\t<a class=\"elementor-post__thumbnail__link\" href=\"https:\/\/bluon.io\/es\/bluon-me-tambien-esta-creciendo\/\" tabindex=\"-1\" target=&quot;_blank&quot;>\n\t\t\t<div class=\"elementor-post__thumbnail\"><img loading=\"lazy\" decoding=\"async\" width=\"1024\" height=\"683\" src=\"https:\/\/bluon.io\/wp-content\/uploads\/2025\/04\/testata_mail_newsystem.jpg\" class=\"attachment-full size-full wp-image-201854\" alt=\"Semiperdo cresce\" srcset=\"https:\/\/bluon.io\/wp-content\/uploads\/2025\/04\/testata_mail_newsystem.jpg 1024w, https:\/\/bluon.io\/wp-content\/uploads\/2025\/04\/testata_mail_newsystem-350x233.jpg 350w, https:\/\/bluon.io\/wp-content\/uploads\/2025\/04\/testata_mail_newsystem-150x100.jpg 150w, https:\/\/bluon.io\/wp-content\/uploads\/2025\/04\/testata_mail_newsystem-680x454.jpg 680w, https:\/\/bluon.io\/wp-content\/uploads\/2025\/04\/testata_mail_newsystem-300x200.jpg 300w, https:\/\/bluon.io\/wp-content\/uploads\/2025\/04\/testata_mail_newsystem-768x512.jpg 768w\" sizes=\"auto, (max-width: 1024px) 100vw, 1024px\" \/><\/div>\n\t\t<\/a>\n\t\t\t\t<div class=\"elementor-post__text\">\n\t\t\t\t<h1 class=\"elementor-post__title\">\n\t\t\t<a href=\"https:\/\/bluon.io\/es\/bluon-me-tambien-esta-creciendo\/\" target=&quot;_blank&quot;>\n\t\t\t\tAl igual que tus hijos, \u00a1bluon.me tambi\u00e9n est\u00e1 creciendo!\t\t\t<\/a>\n\t\t<\/h1>\n\t\t\t\t<div class=\"elementor-post__excerpt\">\n\t\t\t<p>Est\u00e1 en camino una buena actualizaci\u00f3n de la aplicaci\u00f3n web con la que gestionas los productos inteligentes Semiperdo para tu familia. S\u00ed, \u00a1los mismos que utilizas para proteger a los que amas! \u00bfSabes cuando algo ya funciona bien pero luego trabajas en ello y mejora a\u00fan m\u00e1s?  <\/p>\n\t\t<\/div>\n\t\t\n\t\t<a class=\"elementor-post__read-more\" href=\"https:\/\/bluon.io\/es\/bluon-me-tambien-esta-creciendo\/\" aria-label=\"M\u00e1s informaci\u00f3n sobre Al igual que tus hijos, \u00a1bluon.me tambi\u00e9n est\u00e1 creciendo!\" tabindex=\"-1\" target=\"_blank\">\n\t\t\tLeer m\u00e1s \u00bb\t\t<\/a>\n\n\t\t\t\t<\/div>\n\t\t\t\t<\/article>\n\t\t\t\t<\/div>\n\t\t\n\t\t\t\t\t\t<\/div>\n\t\t\t\t<\/div>\n\t\t\t\t\t<\/div>\n\t\t<\/div>\n\t\t\t\t\t<\/div>\n\t\t<\/section>\n\t\t\t\t<\/div>\n\t\t","protected":false},"excerpt":{"rendered":"","protected":false},"author":2,"featured_media":159717,"parent":0,"menu_order":0,"comment_status":"closed","ping_status":"closed","template":"","meta":{"footnotes":""},"class_list":["post-201363","page","type-page","status-publish","has-post-thumbnail","hentry"],"yoast_head":"<!-- This site is optimized with the Yoast SEO plugin v27.5 - https:\/\/yoast.com\/product\/yoast-seo-wordpress\/ -->\n<title>Magazine &#8211; bluon<\/title>\n<meta name=\"description\" content=\"Nuestros art\u00edculos le mantienen al d\u00eda sobre la seguridad de ni\u00f1os, adultos y nuestros amigos de cuatro patas. Suscr\u00edbase a nuestro bolet\u00edn.\" \/>\n<meta name=\"robots\" content=\"index, follow, max-snippet:-1, max-image-preview:large, max-video-preview:-1\" \/>\n<link rel=\"canonical\" href=\"https:\/\/bluon.io\/es\/magazine\/\" \/>\n<meta property=\"og:locale\" content=\"es_ES\" \/>\n<meta property=\"og:type\" content=\"article\" \/>\n<meta property=\"og:title\" content=\"Magazine &#8211; bluon\" \/>\n<meta property=\"og:description\" content=\"Nuestros art\u00edculos le mantienen al d\u00eda sobre la seguridad de ni\u00f1os, adultos y nuestros amigos de cuatro patas. Suscr\u00edbase a nuestro bolet\u00edn.\" \/>\n<meta property=\"og:url\" content=\"https:\/\/bluon.io\/es\/magazine\/\" \/>\n<meta property=\"og:site_name\" content=\"bluon\" \/>\n<meta property=\"article:publisher\" content=\"https:\/\/www.facebook.com\/semiperdo\" \/>\n<meta property=\"article:modified_time\" content=\"2025-04-08T12:44:16+00:00\" \/>\n<meta property=\"og:image\" content=\"https:\/\/bluon.io\/wp-content\/uploads\/2022\/02\/Slider1d-scaled.jpg\" \/>\n\t<meta property=\"og:image:width\" content=\"2560\" \/>\n\t<meta property=\"og:image:height\" content=\"1008\" \/>\n\t<meta property=\"og:image:type\" content=\"image\/jpeg\" \/>\n<meta name=\"twitter:card\" content=\"summary_large_image\" \/>\n<script type=\"application\/ld+json\" class=\"yoast-schema-graph\">{\"@context\":\"https:\\\/\\\/schema.org\",\"@graph\":[{\"@type\":\"WebPage\",\"@id\":\"https:\\\/\\\/bluon.io\\\/es\\\/magazine\\\/\",\"url\":\"https:\\\/\\\/bluon.io\\\/es\\\/magazine\\\/\",\"name\":\"Magazine &#8211; bluon\",\"isPartOf\":{\"@id\":\"https:\\\/\\\/bluon.io\\\/es\\\/#website\"},\"primaryImageOfPage\":{\"@id\":\"https:\\\/\\\/bluon.io\\\/es\\\/magazine\\\/#primaryimage\"},\"image\":{\"@id\":\"https:\\\/\\\/bluon.io\\\/es\\\/magazine\\\/#primaryimage\"},\"thumbnailUrl\":\"https:\\\/\\\/bluon.io\\\/wp-content\\\/uploads\\\/2022\\\/02\\\/Slider1d-scaled.jpg\",\"datePublished\":\"2022-02-23T14:56:38+00:00\",\"dateModified\":\"2025-04-08T12:44:16+00:00\",\"description\":\"Nuestros art\u00edculos le mantienen al d\u00eda sobre la seguridad de ni\u00f1os, adultos y nuestros amigos de cuatro patas. Suscr\u00edbase a nuestro bolet\u00edn.\",\"breadcrumb\":{\"@id\":\"https:\\\/\\\/bluon.io\\\/es\\\/magazine\\\/#breadcrumb\"},\"inLanguage\":\"es\",\"potentialAction\":[{\"@type\":\"ReadAction\",\"target\":[\"https:\\\/\\\/bluon.io\\\/es\\\/magazine\\\/\"]}]},{\"@type\":\"ImageObject\",\"inLanguage\":\"es\",\"@id\":\"https:\\\/\\\/bluon.io\\\/es\\\/magazine\\\/#primaryimage\",\"url\":\"https:\\\/\\\/bluon.io\\\/wp-content\\\/uploads\\\/2022\\\/02\\\/Slider1d-scaled.jpg\",\"contentUrl\":\"https:\\\/\\\/bluon.io\\\/wp-content\\\/uploads\\\/2022\\\/02\\\/Slider1d-scaled.jpg\",\"width\":2560,\"height\":1008},{\"@type\":\"BreadcrumbList\",\"@id\":\"https:\\\/\\\/bluon.io\\\/es\\\/magazine\\\/#breadcrumb\",\"itemListElement\":[{\"@type\":\"ListItem\",\"position\":1,\"name\":\"Home\",\"item\":\"https:\\\/\\\/bluon.io\\\/es\\\/\"},{\"@type\":\"ListItem\",\"position\":2,\"name\":\"Magazine\"}]},{\"@type\":\"WebSite\",\"@id\":\"https:\\\/\\\/bluon.io\\\/es\\\/#website\",\"url\":\"https:\\\/\\\/bluon.io\\\/es\\\/\",\"name\":\"bluon\",\"description\":\"Proteggi chi ami.\",\"publisher\":{\"@id\":\"https:\\\/\\\/bluon.io\\\/es\\\/#organization\"},\"potentialAction\":[{\"@type\":\"SearchAction\",\"target\":{\"@type\":\"EntryPoint\",\"urlTemplate\":\"https:\\\/\\\/bluon.io\\\/es\\\/?s={search_term_string}\"},\"query-input\":{\"@type\":\"PropertyValueSpecification\",\"valueRequired\":true,\"valueName\":\"search_term_string\"}}],\"inLanguage\":\"es\"},{\"@type\":\"Organization\",\"@id\":\"https:\\\/\\\/bluon.io\\\/es\\\/#organization\",\"name\":\"blu oberon\",\"url\":\"https:\\\/\\\/bluon.io\\\/es\\\/\",\"logo\":{\"@type\":\"ImageObject\",\"inLanguage\":\"es\",\"@id\":\"https:\\\/\\\/bluon.io\\\/es\\\/#\\\/schema\\\/logo\\\/image\\\/\",\"url\":\"https:\\\/\\\/bluon.io\\\/wp-content\\\/uploads\\\/2022\\\/02\\\/cropped-favicon_bluon_blu_O.png\",\"contentUrl\":\"https:\\\/\\\/bluon.io\\\/wp-content\\\/uploads\\\/2022\\\/02\\\/cropped-favicon_bluon_blu_O.png\",\"width\":512,\"height\":512,\"caption\":\"blu oberon\"},\"image\":{\"@id\":\"https:\\\/\\\/bluon.io\\\/es\\\/#\\\/schema\\\/logo\\\/image\\\/\"},\"sameAs\":[\"https:\\\/\\\/www.facebook.com\\\/semiperdo\",\"https:\\\/\\\/www.instagram.com\\\/semiperdo\\\/\",\"https:\\\/\\\/www.youtube.com\\\/channel\\\/UCWSOgCMc851BGG99GADUp6A\"]}]}<\/script>\n<!-- \/ Yoast SEO plugin. -->","yoast_head_json":{"title":"Magazine &#8211; bluon","description":"Nuestros art\u00edculos le mantienen al d\u00eda sobre la seguridad de ni\u00f1os, adultos y nuestros amigos de cuatro patas. Suscr\u00edbase a nuestro bolet\u00edn.","robots":{"index":"index","follow":"follow","max-snippet":"max-snippet:-1","max-image-preview":"max-image-preview:large","max-video-preview":"max-video-preview:-1"},"canonical":"https:\/\/bluon.io\/es\/magazine\/","og_locale":"es_ES","og_type":"article","og_title":"Magazine &#8211; bluon","og_description":"Nuestros art\u00edculos le mantienen al d\u00eda sobre la seguridad de ni\u00f1os, adultos y nuestros amigos de cuatro patas. Suscr\u00edbase a nuestro bolet\u00edn.","og_url":"https:\/\/bluon.io\/es\/magazine\/","og_site_name":"bluon","article_publisher":"https:\/\/www.facebook.com\/semiperdo","article_modified_time":"2025-04-08T12:44:16+00:00","og_image":[{"width":2560,"height":1008,"url":"https:\/\/bluon.io\/wp-content\/uploads\/2022\/02\/Slider1d-scaled.jpg","type":"image\/jpeg"}],"twitter_card":"summary_large_image","schema":{"@context":"https:\/\/schema.org","@graph":[{"@type":"WebPage","@id":"https:\/\/bluon.io\/es\/magazine\/","url":"https:\/\/bluon.io\/es\/magazine\/","name":"Magazine &#8211; bluon","isPartOf":{"@id":"https:\/\/bluon.io\/es\/#website"},"primaryImageOfPage":{"@id":"https:\/\/bluon.io\/es\/magazine\/#primaryimage"},"image":{"@id":"https:\/\/bluon.io\/es\/magazine\/#primaryimage"},"thumbnailUrl":"https:\/\/bluon.io\/wp-content\/uploads\/2022\/02\/Slider1d-scaled.jpg","datePublished":"2022-02-23T14:56:38+00:00","dateModified":"2025-04-08T12:44:16+00:00","description":"Nuestros art\u00edculos le mantienen al d\u00eda sobre la seguridad de ni\u00f1os, adultos y nuestros amigos de cuatro patas. Suscr\u00edbase a nuestro bolet\u00edn.","breadcrumb":{"@id":"https:\/\/bluon.io\/es\/magazine\/#breadcrumb"},"inLanguage":"es","potentialAction":[{"@type":"ReadAction","target":["https:\/\/bluon.io\/es\/magazine\/"]}]},{"@type":"ImageObject","inLanguage":"es","@id":"https:\/\/bluon.io\/es\/magazine\/#primaryimage","url":"https:\/\/bluon.io\/wp-content\/uploads\/2022\/02\/Slider1d-scaled.jpg","contentUrl":"https:\/\/bluon.io\/wp-content\/uploads\/2022\/02\/Slider1d-scaled.jpg","width":2560,"height":1008},{"@type":"BreadcrumbList","@id":"https:\/\/bluon.io\/es\/magazine\/#breadcrumb","itemListElement":[{"@type":"ListItem","position":1,"name":"Home","item":"https:\/\/bluon.io\/es\/"},{"@type":"ListItem","position":2,"name":"Magazine"}]},{"@type":"WebSite","@id":"https:\/\/bluon.io\/es\/#website","url":"https:\/\/bluon.io\/es\/","name":"bluon","description":"Proteggi chi ami.","publisher":{"@id":"https:\/\/bluon.io\/es\/#organization"},"potentialAction":[{"@type":"SearchAction","target":{"@type":"EntryPoint","urlTemplate":"https:\/\/bluon.io\/es\/?s={search_term_string}"},"query-input":{"@type":"PropertyValueSpecification","valueRequired":true,"valueName":"search_term_string"}}],"inLanguage":"es"},{"@type":"Organization","@id":"https:\/\/bluon.io\/es\/#organization","name":"blu oberon","url":"https:\/\/bluon.io\/es\/","logo":{"@type":"ImageObject","inLanguage":"es","@id":"https:\/\/bluon.io\/es\/#\/schema\/logo\/image\/","url":"https:\/\/bluon.io\/wp-content\/uploads\/2022\/02\/cropped-favicon_bluon_blu_O.png","contentUrl":"https:\/\/bluon.io\/wp-content\/uploads\/2022\/02\/cropped-favicon_bluon_blu_O.png","width":512,"height":512,"caption":"blu oberon"},"image":{"@id":"https:\/\/bluon.io\/es\/#\/schema\/logo\/image\/"},"sameAs":["https:\/\/www.facebook.com\/semiperdo","https:\/\/www.instagram.com\/semiperdo\/","https:\/\/www.youtube.com\/channel\/UCWSOgCMc851BGG99GADUp6A"]}]}},"_links":{"self":[{"href":"https:\/\/bluon.io\/es\/wp-json\/wp\/v2\/pages\/201363","targetHints":{"allow":["GET"]}}],"collection":[{"href":"https:\/\/bluon.io\/es\/wp-json\/wp\/v2\/pages"}],"about":[{"href":"https:\/\/bluon.io\/es\/wp-json\/wp\/v2\/types\/page"}],"author":[{"embeddable":true,"href":"https:\/\/bluon.io\/es\/wp-json\/wp\/v2\/users\/2"}],"replies":[{"embeddable":true,"href":"https:\/\/bluon.io\/es\/wp-json\/wp\/v2\/comments?post=201363"}],"version-history":[{"count":0,"href":"https:\/\/bluon.io\/es\/wp-json\/wp\/v2\/pages\/201363\/revisions"}],"wp:featuredmedia":[{"embeddable":true,"href":"https:\/\/bluon.io\/es\/wp-json\/wp\/v2\/media\/159717"}],"wp:attachment":[{"href":"https:\/\/bluon.io\/es\/wp-json\/wp\/v2\/media?parent=201363"}],"curies":[{"name":"wp","href":"https:\/\/api.w.org\/{rel}","templated":true}]}}