{"id":160107,"date":"2022-03-03T17:10:12","date_gmt":"2022-03-03T15:10:12","guid":{"rendered":"https:\/\/bluon.io\/devolucion-y-reembolso\/"},"modified":"2025-05-22T15:35:52","modified_gmt":"2025-05-22T13:35:52","slug":"devolucion-y-reembolso","status":"publish","type":"page","link":"https:\/\/bluon.io\/es\/devolucion-y-reembolso\/","title":{"rendered":"Devolucion y reembolso"},"content":{"rendered":"\t\t<div data-elementor-type=\"wp-page\" data-elementor-id=\"160107\" class=\"elementor elementor-160107 elementor-1652\" data-elementor-post-type=\"page\">\n\t\t\t\t\t\t<section class=\"elementor-section elementor-top-section elementor-element elementor-element-db1b4eb elementor-section-boxed elementor-section-height-default elementor-section-height-default\" data-id=\"db1b4eb\" data-element_type=\"section\" data-e-type=\"section\" data-settings=\"{&quot;background_background&quot;:&quot;classic&quot;}\">\n\t\t\t\t\t\t<div class=\"elementor-container elementor-column-gap-default\">\n\t\t\t\t\t<div class=\"elementor-column elementor-col-100 elementor-top-column elementor-element elementor-element-403bca5\" data-id=\"403bca5\" data-element_type=\"column\" data-e-type=\"column\">\n\t\t\t<div class=\"elementor-widget-wrap elementor-element-populated\">\n\t\t\t\t\t\t<div class=\"elementor-element elementor-element-96ffbaa color-scheme-inherit text-left elementor-widget elementor-widget-text-editor\" data-id=\"96ffbaa\" data-element_type=\"widget\" data-e-type=\"widget\" data-widget_type=\"text-editor.default\">\n\t\t\t\t<div class=\"elementor-widget-container\">\n\t\t\t\t\t\t\t\t\t<h2>Pol\u00edtica de devoluci\u00f3n y reembolso<\/h2><p>Por lo que sigue, con el t\u00e9rmino \u00abcliente\u00bb nos referimos al cliente final (persona f\u00edsica o jur\u00eddica que compra para si mismo u otros, y no para la reventa o distribuci\u00f3n de productos).<\/p><p>Si por cualquier raz\u00f3n el Cliente no fuera satisfecho de su orden, o en el desagradable caso en que sean entregados productos no conformes a los que se han ordenado, el Cliente tiene derecho a rescindir del contrato sin ninguna penalizaci\u00f3n siguendo las instrucciones aqu\u00ed citadas:<\/p><p>a) La petici\u00f3n de rescisi\u00f3n se puede hacer dentro del t\u00e9rmino de 14 d\u00edas desde la llegada de la mercanc\u00eda (la cuenta se basa en el seguimiento del porteador usado por bluon.shop para env\u00edar los productos a la direcci\u00f3n del cliente).<br \/>b) bluon.io reembolsar\u00e1 el costo total de los productos devueltos por el Cliente y de los costes de env\u00edo iniciales. Los productos tienen que ser: no usados o puestos y no estropeados, y adem\u00e1s juntos a sus relativas etiquetas originales y al relativo resguardo\/nota de pago\/factura.<br \/>c) El Cliente puede ejercer su derecho de rescisi\u00f3n simplemente env\u00edando un correo a <a class=\"moz-txt-link-abbreviated\" href=\"mailto:customer-care@bluon.io\">customer-care@bluon.io<\/a><br \/>e) La devoluci\u00f3n ser\u00e1 aceptada solo si bluon.io lo confirmar\u00e1.<br \/>f) La devoluci\u00f3n de los bienes se tiene que efectuar dentro de 14 d\u00edas desde la fecha de compilaci\u00f3n del formulario de petici\u00f3n de rescisi\u00f3n. La cuenta se basa en la fecha de entrega de los productos por bluon.io. En caso de productos que lleguen despu\u00e9s de esta fecha, el reembolso no ser\u00e1 garantizado.<br \/>g) El reembolso ser\u00e1 efectuado con la misma modalidad de pago usada en la compra. Si la modalidad es el pago contra reembolso, el cliente tendr\u00e1 que comunicar su IBAN de una cuenta bancaria o una cuenta PayPal donde reembolsar el dinero.<br \/>h) bluon.io se compromete a reembolsar el Cliente dentro y no m\u00e1s all\u00e1 de los 14 d\u00edas desde la fecha de devoluci\u00f3n del producto.<br \/>i) Los gastos de devoluci\u00f3n de los productos est\u00e1n a cargo del Cliente. El cliente es responsable del bien o de los bienes objeto de rescisi\u00f3n durante el periodo de devoluci\u00f3n en caso de robos, da\u00f1os o extrav\u00edos, y lo invitamos entonces a preferir \u2013 en su inter\u00e9s y el en caso de que lo juzgue oportuno \u2013 un tipo de env\u00edo asegurado que se pueda monitorear.<br \/>l) El derecho de rescisi\u00f3n no vale para profesionales, empresas y trabajadores con NIF.<\/p><p>No se aceptan devoluciones en el caso de productos en versi\u00f3n personalizada.<br \/>Si respetas todas las condiciones explicadas, bluon.shop reembolsar\u00e1 el precio total de los productos comprados.<\/p><p>En cambio, ser\u00e1s contactado si tu devoluci\u00f3n no ser\u00e1 aceptada porque no conforme a las condiciones explicadas arriba. En este caso, podr\u00e1s elegir si recuperar los productos comprados a tus expensas. En caso de rechazo de este inv\u00edo, bluon.io se reserva el derecho de retener los productos y el importe corrispondente.<\/p><h2>Garant\u00eda de los productos que no sean conformes<\/h2><p>bluon.io es responsable de cualquier defecto de los productos ofrecidos en su sitio web, incluso tambi\u00e9n la no conformidad de los art\u00edculos a los productos ordenados, en virtud de cuanto dispuesto por la normativa. Si el Cliente ha estipulado el contrato en calidad de Consumidor (con esta definici\u00f3n se entiende cualquier persona f\u00edsica que compre en el sitio web para objetivos diferentes de la actividad empresarial o profesional que pueda hacer), la presente garant\u00eda es v\u00e1lida a pacto que se respeten las dos condiciones siguientes: que el defecto se manifeste dentro de 24 meses desde la fecha de entrega de los productos; que el Cliente presente una reclamaci\u00f3n formal dentro de m\u00e1ximo 2 meses desde la fecha de descubrimiento del defecto; c) se tendr\u00e1 que env\u00edar la reclamaci\u00f3n al correo <a class=\"moz-txt-link-abbreviated\" href=\"mailto:customer-care@bluon.io\">customer-care@bluon.io<\/a>. En caso de falta de conformidad, el Cliente que ha estipulado el contrato en calidad de Consumidor tendr\u00e1 el derecho a obtener el restablecimiento de la conformidad de los productos sin ulteriores gastos, con reparaci\u00f3n o substituci\u00f3n, o sea de obtener una apropiada reducci\u00f3n de precio, o sea la resoluci\u00f3n del contrato relativamente a los bienes contestados y la conseguente devoluci\u00f3n del precio. Bluon se encargar\u00e1 de todos los costes de devoluci\u00f3n de productos defectuosos<\/p>\t\t\t\t\t\t\t\t<\/div>\n\t\t\t\t<\/div>\n\t\t\t\t\t<\/div>\n\t\t<\/div>\n\t\t\t\t\t<\/div>\n\t\t<\/section>\n\t\t\t\t<section class=\"wd-negative-gap elementor-section elementor-top-section elementor-element elementor-element-f8f2f5b elementor-section-boxed elementor-section-height-default elementor-section-height-default\" data-id=\"f8f2f5b\" data-element_type=\"section\" data-e-type=\"section\">\n\t\t\t\t\t\t<div class=\"elementor-container elementor-column-gap-default\">\n\t\t\t\t\t<div class=\"elementor-column elementor-col-100 elementor-top-column elementor-element elementor-element-63c9125\" data-id=\"63c9125\" data-element_type=\"column\" data-e-type=\"column\">\n\t\t\t<div class=\"elementor-widget-wrap elementor-element-populated\">\n\t\t\t\t\t\t<div class=\"elementor-element elementor-element-21298f7 elementor-widget elementor-widget-template\" data-id=\"21298f7\" data-element_type=\"widget\" data-e-type=\"widget\" data-widget_type=\"template.default\">\n\t\t\t\t<div class=\"elementor-widget-container\">\n\t\t\t\t\t\t\t<div class=\"elementor-template\">\n\t\t\t\t\t<div data-elementor-type=\"section\" data-elementor-id=\"160151\" class=\"elementor elementor-160151 elementor-1109 elementor-1109\" data-elementor-post-type=\"elementor_library\">\n\t\t\t\t\t<section class=\"wd-negative-gap elementor-section elementor-top-section elementor-element elementor-element-bbcf8df elementor-section-boxed elementor-section-height-default elementor-section-height-default\" data-id=\"bbcf8df\" data-element_type=\"section\" data-e-type=\"section\">\n\t\t\t\t\t\t<div class=\"elementor-container elementor-column-gap-default\">\n\t\t\t\t\t<div class=\"elementor-column elementor-col-33 elementor-top-column elementor-element elementor-element-c50ff7b\" data-id=\"c50ff7b\" data-element_type=\"column\" data-e-type=\"column\">\n\t\t\t<div class=\"elementor-widget-wrap elementor-element-populated\">\n\t\t\t\t\t\t<div class=\"elementor-element elementor-element-2288f6b elementor-view-default elementor-position-block-start elementor-mobile-position-block-start elementor-invisible elementor-widget elementor-widget-icon-box\" data-id=\"2288f6b\" data-element_type=\"widget\" data-e-type=\"widget\" data-settings=\"{&quot;_animation&quot;:&quot;wd-anim-right-flip-y&quot;,&quot;_animation_delay&quot;:150}\" data-widget_type=\"icon-box.default\">\n\t\t\t\t<div class=\"elementor-widget-container\">\n\t\t\t\t\t\t\t<div class=\"elementor-icon-box-wrapper\">\n\n\t\t\t\t\t\t<div class=\"elementor-icon-box-icon\">\n\t\t\t\t<a href=\"https:\/\/bluon.io\/modalita-di-pagamento\/\" class=\"elementor-icon\" tabindex=\"-1\" aria-label=\"Paga de forma segura.\">\n\t\t\t\t<svg aria-hidden=\"true\" class=\"e-font-icon-svg e-far-credit-card\" viewBox=\"0 0 576 512\" xmlns=\"http:\/\/www.w3.org\/2000\/svg\"><path d=\"M527.9 32H48.1C21.5 32 0 53.5 0 80v352c0 26.5 21.5 48 48.1 48h479.8c26.6 0 48.1-21.5 48.1-48V80c0-26.5-21.5-48-48.1-48zM54.1 80h467.8c3.3 0 6 2.7 6 6v42H48.1V86c0-3.3 2.7-6 6-6zm467.8 352H54.1c-3.3 0-6-2.7-6-6V256h479.8v170c0 3.3-2.7 6-6 6zM192 332v40c0 6.6-5.4 12-12 12h-72c-6.6 0-12-5.4-12-12v-40c0-6.6 5.4-12 12-12h72c6.6 0 12 5.4 12 12zm192 0v40c0 6.6-5.4 12-12 12H236c-6.6 0-12-5.4-12-12v-40c0-6.6 5.4-12 12-12h136c6.6 0 12 5.4 12 12z\"><\/path><\/svg>\t\t\t\t<\/a>\n\t\t\t<\/div>\n\t\t\t\n\t\t\t\t\t\t<div class=\"elementor-icon-box-content\">\n\n\t\t\t\t\t\t\t\t\t<h3 class=\"elementor-icon-box-title\">\n\t\t\t\t\t\t<a href=\"https:\/\/bluon.io\/modalita-di-pagamento\/\" >\n\t\t\t\t\t\t\tPaga de forma segura.\t\t\t\t\t\t<\/a>\n\t\t\t\t\t<\/h3>\n\t\t\t\t\n\t\t\t\t\t\t\t\t\t<p class=\"elementor-icon-box-description\">\n\t\t\t\t\t\tEscoge el m\u00e9todo de pago certificado y seguro que prefieras.\t\t\t\t\t<\/p>\n\t\t\t\t\n\t\t\t<\/div>\n\t\t\t\n\t\t<\/div>\n\t\t\t\t\t\t<\/div>\n\t\t\t\t<\/div>\n\t\t\t\t\t<\/div>\n\t\t<\/div>\n\t\t\t\t<div class=\"elementor-column elementor-col-33 elementor-top-column elementor-element elementor-element-3dc1608\" data-id=\"3dc1608\" data-element_type=\"column\" data-e-type=\"column\">\n\t\t\t<div class=\"elementor-widget-wrap elementor-element-populated\">\n\t\t\t\t\t\t<div class=\"elementor-element elementor-element-012067d elementor-view-default elementor-position-block-start elementor-mobile-position-block-start elementor-invisible elementor-widget elementor-widget-icon-box\" data-id=\"012067d\" data-element_type=\"widget\" data-e-type=\"widget\" data-settings=\"{&quot;_animation&quot;:&quot;wd-anim-right-flip-y&quot;,&quot;_animation_delay&quot;:300}\" data-widget_type=\"icon-box.default\">\n\t\t\t\t<div class=\"elementor-widget-container\">\n\t\t\t\t\t\t\t<div class=\"elementor-icon-box-wrapper\">\n\n\t\t\t\t\t\t<div class=\"elementor-icon-box-icon\">\n\t\t\t\t<a href=\"https:\/\/bluon.io\/es\/envio\/\" class=\"elementor-icon\" tabindex=\"-1\" aria-label=\"Env\u00edo gratuito.\">\n\t\t\t\t<svg aria-hidden=\"true\" class=\"e-font-icon-svg e-fas-shipping-fast\" viewBox=\"0 0 640 512\" xmlns=\"http:\/\/www.w3.org\/2000\/svg\"><path d=\"M624 352h-16V243.9c0-12.7-5.1-24.9-14.1-33.9L494 110.1c-9-9-21.2-14.1-33.9-14.1H416V48c0-26.5-21.5-48-48-48H112C85.5 0 64 21.5 64 48v48H8c-4.4 0-8 3.6-8 8v16c0 4.4 3.6 8 8 8h272c4.4 0 8 3.6 8 8v16c0 4.4-3.6 8-8 8H40c-4.4 0-8 3.6-8 8v16c0 4.4 3.6 8 8 8h208c4.4 0 8 3.6 8 8v16c0 4.4-3.6 8-8 8H8c-4.4 0-8 3.6-8 8v16c0 4.4 3.6 8 8 8h208c4.4 0 8 3.6 8 8v16c0 4.4-3.6 8-8 8H64v128c0 53 43 96 96 96s96-43 96-96h128c0 53 43 96 96 96s96-43 96-96h48c8.8 0 16-7.2 16-16v-32c0-8.8-7.2-16-16-16zM160 464c-26.5 0-48-21.5-48-48s21.5-48 48-48 48 21.5 48 48-21.5 48-48 48zm320 0c-26.5 0-48-21.5-48-48s21.5-48 48-48 48 21.5 48 48-21.5 48-48 48zm80-208H416V144h44.1l99.9 99.9V256z\"><\/path><\/svg>\t\t\t\t<\/a>\n\t\t\t<\/div>\n\t\t\t\n\t\t\t\t\t\t<div class=\"elementor-icon-box-content\">\n\n\t\t\t\t\t\t\t\t\t<h3 class=\"elementor-icon-box-title\">\n\t\t\t\t\t\t<a href=\"https:\/\/bluon.io\/es\/envio\/\" >\n\t\t\t\t\t\t\tEnv\u00edo gratuito.\t\t\t\t\t\t<\/a>\n\t\t\t\t\t<\/h3>\n\t\t\t\t\n\t\t\t\t\t\t\t\t\t<p class=\"elementor-icon-box-description\">\n\t\t\t\t\t\tCon un pedido m\u00ednimo de 40\u20ac, el env\u00edo por mensajero es gratuito.\t\t\t\t\t<\/p>\n\t\t\t\t\n\t\t\t<\/div>\n\t\t\t\n\t\t<\/div>\n\t\t\t\t\t\t<\/div>\n\t\t\t\t<\/div>\n\t\t\t\t\t<\/div>\n\t\t<\/div>\n\t\t\t\t<div class=\"elementor-column elementor-col-33 elementor-top-column elementor-element elementor-element-6319b73\" data-id=\"6319b73\" data-element_type=\"column\" data-e-type=\"column\">\n\t\t\t<div class=\"elementor-widget-wrap elementor-element-populated\">\n\t\t\t\t\t\t<div class=\"elementor-element elementor-element-ff1b9d4 elementor-view-default elementor-position-block-start elementor-mobile-position-block-start elementor-invisible elementor-widget elementor-widget-icon-box\" data-id=\"ff1b9d4\" data-element_type=\"widget\" data-e-type=\"widget\" data-settings=\"{&quot;_animation&quot;:&quot;wd-anim-right-flip-y&quot;}\" data-widget_type=\"icon-box.default\">\n\t\t\t\t<div class=\"elementor-widget-container\">\n\t\t\t\t\t\t\t<div class=\"elementor-icon-box-wrapper\">\n\n\t\t\t\t\t\t<div class=\"elementor-icon-box-icon\">\n\t\t\t\t<a href=\"https:\/\/bluon.io\/es\/?page_id=160142\" class=\"elementor-icon\" tabindex=\"-1\" aria-label=\"DEVOLUCI\u00d3N FACIL, ayuda inmediata.\">\n\t\t\t\t<svg aria-hidden=\"true\" class=\"e-font-icon-svg e-far-check-circle\" viewBox=\"0 0 512 512\" xmlns=\"http:\/\/www.w3.org\/2000\/svg\"><path d=\"M256 8C119.033 8 8 119.033 8 256s111.033 248 248 248 248-111.033 248-248S392.967 8 256 8zm0 48c110.532 0 200 89.451 200 200 0 110.532-89.451 200-200 200-110.532 0-200-89.451-200-200 0-110.532 89.451-200 200-200m140.204 130.267l-22.536-22.718c-4.667-4.705-12.265-4.736-16.97-.068L215.346 303.697l-59.792-60.277c-4.667-4.705-12.265-4.736-16.97-.069l-22.719 22.536c-4.705 4.667-4.736 12.265-.068 16.971l90.781 91.516c4.667 4.705 12.265 4.736 16.97.068l172.589-171.204c4.704-4.668 4.734-12.266.067-16.971z\"><\/path><\/svg>\t\t\t\t<\/a>\n\t\t\t<\/div>\n\t\t\t\n\t\t\t\t\t\t<div class=\"elementor-icon-box-content\">\n\n\t\t\t\t\t\t\t\t\t<h3 class=\"elementor-icon-box-title\">\n\t\t\t\t\t\t<a href=\"https:\/\/bluon.io\/es\/?page_id=160142\" >\n\t\t\t\t\t\t\tDEVOLUCI\u00d3N FACIL, ayuda inmediata.\t\t\t\t\t\t<\/a>\n\t\t\t\t\t<\/h3>\n\t\t\t\t\n\t\t\t\t\t\t\t\t\t<p class=\"elementor-icon-box-description\">\n\t\t\t\t\t\tQuedamos a tu disposici\u00f3n para cualquier informaci\u00f3n: ponte en contacto con nosotros en la p\u00e1gina dedicada.\t\t\t\t\t<\/p>\n\t\t\t\t\n\t\t\t<\/div>\n\t\t\t\n\t\t<\/div>\n\t\t\t\t\t\t<\/div>\n\t\t\t\t<\/div>\n\t\t\t\t\t<\/div>\n\t\t<\/div>\n\t\t\t\t\t<\/div>\n\t\t<\/section>\n\t\t\t\t<\/div>\n\t\t\t\t<\/div>\n\t\t\t\t\t\t<\/div>\n\t\t\t\t<\/div>\n\t\t\t\t\t<\/div>\n\t\t<\/div>\n\t\t\t\t\t<\/div>\n\t\t<\/section>\n\t\t\t\t<\/div>\n\t\t","protected":false},"excerpt":{"rendered":"<p>Pol\u00edtica de devoluci\u00f3n y reembolso Por lo que sigue, con el t\u00e9rmino \u00abcliente\u00bb nos referimos al cliente final (persona f\u00edsica<\/p>\n","protected":false},"author":2,"featured_media":159519,"parent":0,"menu_order":0,"comment_status":"closed","ping_status":"closed","template":"","meta":{"footnotes":""},"class_list":["post-160107","page","type-page","status-publish","has-post-thumbnail","hentry"],"yoast_head":"<!-- This site is optimized with the Yoast SEO plugin v27.5 - https:\/\/yoast.com\/product\/yoast-seo-wordpress\/ -->\n<title>Devolucion y reembolso &#8211; bluon<\/title>\n<meta name=\"description\" content=\"Si por cualquier raz\u00f3n el Cliente no fuera satisfecho de su orden, o en el desagradable caso en que sean entregados productos no conformes a los que se han ordenado, el Cliente tiene derecho a rescindir del contrato sin ninguna penalizaci\u00f3n siguendo las instrucciones aqu\u00ed citadas.\" \/>\n<meta name=\"robots\" content=\"index, follow, max-snippet:-1, max-image-preview:large, max-video-preview:-1\" \/>\n<link rel=\"canonical\" href=\"https:\/\/bluon.io\/es\/devolucion-y-reembolso\/\" \/>\n<meta property=\"og:locale\" content=\"es_ES\" \/>\n<meta property=\"og:type\" content=\"article\" \/>\n<meta property=\"og:title\" content=\"Devolucion y reembolso &#8211; bluon\" \/>\n<meta property=\"og:description\" content=\"Si por cualquier raz\u00f3n el Cliente no fuera satisfecho de su orden, o en el desagradable caso en que sean entregados productos no conformes a los que se han ordenado, el Cliente tiene derecho a rescindir del contrato sin ninguna penalizaci\u00f3n siguendo las instrucciones aqu\u00ed citadas.\" \/>\n<meta property=\"og:url\" content=\"https:\/\/bluon.io\/es\/devolucion-y-reembolso\/\" \/>\n<meta property=\"og:site_name\" content=\"bluon\" \/>\n<meta property=\"article:publisher\" content=\"https:\/\/www.facebook.com\/semiperdo\" \/>\n<meta property=\"article:modified_time\" content=\"2025-05-22T13:35:52+00:00\" \/>\n<meta property=\"og:image\" content=\"https:\/\/bluon.io\/wp-content\/uploads\/2022\/02\/cropped-favicon_bluon_blu_O.png\" \/>\n\t<meta property=\"og:image:width\" content=\"512\" \/>\n\t<meta property=\"og:image:height\" content=\"512\" \/>\n\t<meta property=\"og:image:type\" content=\"image\/png\" \/>\n<meta name=\"twitter:card\" content=\"summary_large_image\" \/>\n<meta name=\"twitter:label1\" content=\"Tiempo de lectura\" \/>\n\t<meta name=\"twitter:data1\" content=\"4 minutos\" \/>\n<script type=\"application\/ld+json\" class=\"yoast-schema-graph\">{\"@context\":\"https:\\\/\\\/schema.org\",\"@graph\":[{\"@type\":\"WebPage\",\"@id\":\"https:\\\/\\\/bluon.io\\\/es\\\/devolucion-y-reembolso\\\/\",\"url\":\"https:\\\/\\\/bluon.io\\\/es\\\/devolucion-y-reembolso\\\/\",\"name\":\"Devolucion y reembolso &#8211; bluon\",\"isPartOf\":{\"@id\":\"https:\\\/\\\/bluon.io\\\/es\\\/#website\"},\"primaryImageOfPage\":{\"@id\":\"https:\\\/\\\/bluon.io\\\/es\\\/devolucion-y-reembolso\\\/#primaryimage\"},\"image\":{\"@id\":\"https:\\\/\\\/bluon.io\\\/es\\\/devolucion-y-reembolso\\\/#primaryimage\"},\"thumbnailUrl\":\"https:\\\/\\\/bluon.io\\\/wp-content\\\/uploads\\\/2022\\\/02\\\/cropped-favicon_bluon_blu_O.png\",\"datePublished\":\"2022-03-03T15:10:12+00:00\",\"dateModified\":\"2025-05-22T13:35:52+00:00\",\"description\":\"Si por cualquier raz\u00f3n el Cliente no fuera satisfecho de su orden, o en el desagradable caso en que sean entregados productos no conformes a los que se han ordenado, el Cliente tiene derecho a rescindir del contrato sin ninguna penalizaci\u00f3n siguendo las instrucciones aqu\u00ed citadas.\",\"breadcrumb\":{\"@id\":\"https:\\\/\\\/bluon.io\\\/es\\\/devolucion-y-reembolso\\\/#breadcrumb\"},\"inLanguage\":\"es\",\"potentialAction\":[{\"@type\":\"ReadAction\",\"target\":[\"https:\\\/\\\/bluon.io\\\/es\\\/devolucion-y-reembolso\\\/\"]}]},{\"@type\":\"ImageObject\",\"inLanguage\":\"es\",\"@id\":\"https:\\\/\\\/bluon.io\\\/es\\\/devolucion-y-reembolso\\\/#primaryimage\",\"url\":\"https:\\\/\\\/bluon.io\\\/wp-content\\\/uploads\\\/2022\\\/02\\\/cropped-favicon_bluon_blu_O.png\",\"contentUrl\":\"https:\\\/\\\/bluon.io\\\/wp-content\\\/uploads\\\/2022\\\/02\\\/cropped-favicon_bluon_blu_O.png\",\"width\":512,\"height\":512},{\"@type\":\"BreadcrumbList\",\"@id\":\"https:\\\/\\\/bluon.io\\\/es\\\/devolucion-y-reembolso\\\/#breadcrumb\",\"itemListElement\":[{\"@type\":\"ListItem\",\"position\":1,\"name\":\"Home\",\"item\":\"https:\\\/\\\/bluon.io\\\/es\\\/\"},{\"@type\":\"ListItem\",\"position\":2,\"name\":\"Devolucion y reembolso\"}]},{\"@type\":\"WebSite\",\"@id\":\"https:\\\/\\\/bluon.io\\\/es\\\/#website\",\"url\":\"https:\\\/\\\/bluon.io\\\/es\\\/\",\"name\":\"bluon\",\"description\":\"Proteggi chi ami.\",\"publisher\":{\"@id\":\"https:\\\/\\\/bluon.io\\\/es\\\/#organization\"},\"potentialAction\":[{\"@type\":\"SearchAction\",\"target\":{\"@type\":\"EntryPoint\",\"urlTemplate\":\"https:\\\/\\\/bluon.io\\\/es\\\/?s={search_term_string}\"},\"query-input\":{\"@type\":\"PropertyValueSpecification\",\"valueRequired\":true,\"valueName\":\"search_term_string\"}}],\"inLanguage\":\"es\"},{\"@type\":\"Organization\",\"@id\":\"https:\\\/\\\/bluon.io\\\/es\\\/#organization\",\"name\":\"blu oberon\",\"url\":\"https:\\\/\\\/bluon.io\\\/es\\\/\",\"logo\":{\"@type\":\"ImageObject\",\"inLanguage\":\"es\",\"@id\":\"https:\\\/\\\/bluon.io\\\/es\\\/#\\\/schema\\\/logo\\\/image\\\/\",\"url\":\"https:\\\/\\\/bluon.io\\\/wp-content\\\/uploads\\\/2022\\\/02\\\/cropped-favicon_bluon_blu_O.png\",\"contentUrl\":\"https:\\\/\\\/bluon.io\\\/wp-content\\\/uploads\\\/2022\\\/02\\\/cropped-favicon_bluon_blu_O.png\",\"width\":512,\"height\":512,\"caption\":\"blu oberon\"},\"image\":{\"@id\":\"https:\\\/\\\/bluon.io\\\/es\\\/#\\\/schema\\\/logo\\\/image\\\/\"},\"sameAs\":[\"https:\\\/\\\/www.facebook.com\\\/semiperdo\",\"https:\\\/\\\/www.instagram.com\\\/semiperdo\\\/\",\"https:\\\/\\\/www.youtube.com\\\/channel\\\/UCWSOgCMc851BGG99GADUp6A\"]}]}<\/script>\n<!-- \/ Yoast SEO plugin. -->","yoast_head_json":{"title":"Devolucion y reembolso &#8211; bluon","description":"Si por cualquier raz\u00f3n el Cliente no fuera satisfecho de su orden, o en el desagradable caso en que sean entregados productos no conformes a los que se han ordenado, el Cliente tiene derecho a rescindir del contrato sin ninguna penalizaci\u00f3n siguendo las instrucciones aqu\u00ed citadas.","robots":{"index":"index","follow":"follow","max-snippet":"max-snippet:-1","max-image-preview":"max-image-preview:large","max-video-preview":"max-video-preview:-1"},"canonical":"https:\/\/bluon.io\/es\/devolucion-y-reembolso\/","og_locale":"es_ES","og_type":"article","og_title":"Devolucion y reembolso &#8211; bluon","og_description":"Si por cualquier raz\u00f3n el Cliente no fuera satisfecho de su orden, o en el desagradable caso en que sean entregados productos no conformes a los que se han ordenado, el Cliente tiene derecho a rescindir del contrato sin ninguna penalizaci\u00f3n siguendo las instrucciones aqu\u00ed citadas.","og_url":"https:\/\/bluon.io\/es\/devolucion-y-reembolso\/","og_site_name":"bluon","article_publisher":"https:\/\/www.facebook.com\/semiperdo","article_modified_time":"2025-05-22T13:35:52+00:00","og_image":[{"width":512,"height":512,"url":"https:\/\/bluon.io\/wp-content\/uploads\/2022\/02\/cropped-favicon_bluon_blu_O.png","type":"image\/png"}],"twitter_card":"summary_large_image","twitter_misc":{"Tiempo de lectura":"4 minutos"},"schema":{"@context":"https:\/\/schema.org","@graph":[{"@type":"WebPage","@id":"https:\/\/bluon.io\/es\/devolucion-y-reembolso\/","url":"https:\/\/bluon.io\/es\/devolucion-y-reembolso\/","name":"Devolucion y reembolso &#8211; bluon","isPartOf":{"@id":"https:\/\/bluon.io\/es\/#website"},"primaryImageOfPage":{"@id":"https:\/\/bluon.io\/es\/devolucion-y-reembolso\/#primaryimage"},"image":{"@id":"https:\/\/bluon.io\/es\/devolucion-y-reembolso\/#primaryimage"},"thumbnailUrl":"https:\/\/bluon.io\/wp-content\/uploads\/2022\/02\/cropped-favicon_bluon_blu_O.png","datePublished":"2022-03-03T15:10:12+00:00","dateModified":"2025-05-22T13:35:52+00:00","description":"Si por cualquier raz\u00f3n el Cliente no fuera satisfecho de su orden, o en el desagradable caso en que sean entregados productos no conformes a los que se han ordenado, el Cliente tiene derecho a rescindir del contrato sin ninguna penalizaci\u00f3n siguendo las instrucciones aqu\u00ed citadas.","breadcrumb":{"@id":"https:\/\/bluon.io\/es\/devolucion-y-reembolso\/#breadcrumb"},"inLanguage":"es","potentialAction":[{"@type":"ReadAction","target":["https:\/\/bluon.io\/es\/devolucion-y-reembolso\/"]}]},{"@type":"ImageObject","inLanguage":"es","@id":"https:\/\/bluon.io\/es\/devolucion-y-reembolso\/#primaryimage","url":"https:\/\/bluon.io\/wp-content\/uploads\/2022\/02\/cropped-favicon_bluon_blu_O.png","contentUrl":"https:\/\/bluon.io\/wp-content\/uploads\/2022\/02\/cropped-favicon_bluon_blu_O.png","width":512,"height":512},{"@type":"BreadcrumbList","@id":"https:\/\/bluon.io\/es\/devolucion-y-reembolso\/#breadcrumb","itemListElement":[{"@type":"ListItem","position":1,"name":"Home","item":"https:\/\/bluon.io\/es\/"},{"@type":"ListItem","position":2,"name":"Devolucion y reembolso"}]},{"@type":"WebSite","@id":"https:\/\/bluon.io\/es\/#website","url":"https:\/\/bluon.io\/es\/","name":"bluon","description":"Proteggi chi ami.","publisher":{"@id":"https:\/\/bluon.io\/es\/#organization"},"potentialAction":[{"@type":"SearchAction","target":{"@type":"EntryPoint","urlTemplate":"https:\/\/bluon.io\/es\/?s={search_term_string}"},"query-input":{"@type":"PropertyValueSpecification","valueRequired":true,"valueName":"search_term_string"}}],"inLanguage":"es"},{"@type":"Organization","@id":"https:\/\/bluon.io\/es\/#organization","name":"blu oberon","url":"https:\/\/bluon.io\/es\/","logo":{"@type":"ImageObject","inLanguage":"es","@id":"https:\/\/bluon.io\/es\/#\/schema\/logo\/image\/","url":"https:\/\/bluon.io\/wp-content\/uploads\/2022\/02\/cropped-favicon_bluon_blu_O.png","contentUrl":"https:\/\/bluon.io\/wp-content\/uploads\/2022\/02\/cropped-favicon_bluon_blu_O.png","width":512,"height":512,"caption":"blu oberon"},"image":{"@id":"https:\/\/bluon.io\/es\/#\/schema\/logo\/image\/"},"sameAs":["https:\/\/www.facebook.com\/semiperdo","https:\/\/www.instagram.com\/semiperdo\/","https:\/\/www.youtube.com\/channel\/UCWSOgCMc851BGG99GADUp6A"]}]}},"_links":{"self":[{"href":"https:\/\/bluon.io\/es\/wp-json\/wp\/v2\/pages\/160107","targetHints":{"allow":["GET"]}}],"collection":[{"href":"https:\/\/bluon.io\/es\/wp-json\/wp\/v2\/pages"}],"about":[{"href":"https:\/\/bluon.io\/es\/wp-json\/wp\/v2\/types\/page"}],"author":[{"embeddable":true,"href":"https:\/\/bluon.io\/es\/wp-json\/wp\/v2\/users\/2"}],"replies":[{"embeddable":true,"href":"https:\/\/bluon.io\/es\/wp-json\/wp\/v2\/comments?post=160107"}],"version-history":[{"count":0,"href":"https:\/\/bluon.io\/es\/wp-json\/wp\/v2\/pages\/160107\/revisions"}],"wp:featuredmedia":[{"embeddable":true,"href":"https:\/\/bluon.io\/es\/wp-json\/wp\/v2\/media\/159519"}],"wp:attachment":[{"href":"https:\/\/bluon.io\/es\/wp-json\/wp\/v2\/media?parent=160107"}],"curies":[{"name":"wp","href":"https:\/\/api.w.org\/{rel}","templated":true}]}}