{"id":160101,"date":"2022-03-03T17:20:05","date_gmt":"2022-03-03T15:20:05","guid":{"rendered":"https:\/\/bluon.io\/envio\/"},"modified":"2022-05-19T17:48:54","modified_gmt":"2022-05-19T15:48:54","slug":"envio","status":"publish","type":"page","link":"https:\/\/bluon.io\/es\/envio\/","title":{"rendered":"Envi\u00f3"},"content":{"rendered":"\t\t<div data-elementor-type=\"wp-page\" data-elementor-id=\"160101\" class=\"elementor elementor-160101 elementor-1671\" data-elementor-post-type=\"page\">\n\t\t\t\t\t\t<section class=\"elementor-section elementor-top-section elementor-element elementor-element-db1b4eb elementor-section-boxed elementor-section-height-default elementor-section-height-default\" data-id=\"db1b4eb\" data-element_type=\"section\" data-e-type=\"section\">\n\t\t\t\t\t\t<div class=\"elementor-container elementor-column-gap-default\">\n\t\t\t\t\t<div class=\"elementor-column elementor-col-100 elementor-top-column elementor-element elementor-element-403bca5\" data-id=\"403bca5\" data-element_type=\"column\" data-e-type=\"column\">\n\t\t\t<div class=\"elementor-widget-wrap elementor-element-populated\">\n\t\t\t\t\t\t<div class=\"elementor-element elementor-element-96ffbaa color-scheme-inherit text-left elementor-widget elementor-widget-text-editor\" data-id=\"96ffbaa\" data-element_type=\"widget\" data-e-type=\"widget\" data-widget_type=\"text-editor.default\">\n\t\t\t\t<div class=\"elementor-widget-container\">\n\t\t\t\t\t\t\t\t\t<h2>Enviamos a todo el mundo.<\/h2><p>Los productos se entregan a trav\u00e9s de mensajeros afiliados, directamente al Usuario, en la direcci\u00f3n de entrega especificada durante el proceso de pedido.<\/p><p>Al completar el procedimiento de registro, necesario para la ejecuci\u00f3n de este contrato y toda la correspondencia relativa, el Usuario autoriza al Vendedor a notificar sus datos personales a los servicios y empresas de mensajer\u00eda utilizados para entregar la mercanc\u00eda comprada, y permitir as\u00ed su entrega.<\/p><p>El Vendedor har\u00e1 todo lo posible para procesar el pedido dentro de 5 d\u00edas y en todo caso en un plazo m\u00e1ximo de 30 d\u00edas a partir del d\u00eda en que se realiz\u00f3 el pago.<\/p><p>Los plazos de entrega se calculan en d\u00edas laborales y no incluyen los d\u00edas festivos.<\/p><p>Este Sitio Web permite que la entrega de los productos sea solicitada en una direcci\u00f3n distinta a la del Usuario, siempre que se encuentre dentro del pa\u00eds de residencia del Usuario indicado en el momento del registro; en todo caso, es responsabilidad del Usuario especificar todos los detalles necesarios para que la entrega se realice con \u00e9xito.<\/p><p>No es posible recoger los productos comprados a trav\u00e9s de la p\u00e1gina web directamente en el almac\u00e9n del Vendedor.<\/p><p>Los costes y tipos de entrega ofrecidos podr\u00edan variar seg\u00fan el pa\u00eds y la forma de entrega elegida por el Usuario.<\/p><p>Estos costes y cualquier coste adicional ser\u00e1n a cargo del Usuario. Los cargos estar\u00e1n claramente indicados por separado en el resumen del pedido como tambi\u00e9n en el correo electr\u00f3nico de confirmaci\u00f3n, antes de que el Usuario contin\u00fae con el env\u00edo de dicho pedido.<\/p><p>Tanto en Italia como en el extranjero el proceso de entrega requiere que, en caso de que el destinatario est\u00e9 ausente cuando llegue el mensajero, el mensajero deje una tarjeta con los datos de contacto para poder realizar con \u00e9xito una segunda entrega. En caso de error en la entrega debido a la ausencia del destinatario, el paquete permanecer\u00e1 almacenado. Ser\u00e1 deber del usuario encargarse de su recogida.<\/p><p>En caso de falta de recogida, dentro de 4 d\u00edas el paquete ser\u00e1 devuelto al Vendedor. En tal caso, el contrato se considerar\u00e1 finalizado de acuerdo con el art. 1456 del C\u00f3digo Civil italiano, a trav\u00e9s de una comunicaci\u00f3n de parte del Vendedor enviada por correo electr\u00f3nico al Usuario y por lo tanto el pedido ser\u00e1 considerado anulado en todos sus efectos.<\/p><p>El usuario siempre tiene la posibilidad de comprobar el estado de su pedido a trav\u00e9s de un enlace, introduciendo su n\u00famero de pedido o a trav\u00e9s de su \u00e1rea personal.<\/p><p>El pedido debe ser realizado directamente desde el sitio web del pa\u00eds en el que se va a entregar. Cualquier pedido realizado desde el sitio de un pa\u00eds diferente al del destino, o a una direcci\u00f3n no aceptada por nuestro servicio de mensajer\u00eda, ser\u00e1 autom\u00e1ticamente anulado.<\/p>\t\t\t\t\t\t\t\t<\/div>\n\t\t\t\t<\/div>\n\t\t\t\t\t<\/div>\n\t\t<\/div>\n\t\t\t\t\t<\/div>\n\t\t<\/section>\n\t\t\t\t<section class=\"wd-negative-gap elementor-section elementor-top-section elementor-element elementor-element-f8f2f5b elementor-section-boxed elementor-section-height-default elementor-section-height-default\" data-id=\"f8f2f5b\" data-element_type=\"section\" data-e-type=\"section\">\n\t\t\t\t\t\t<div class=\"elementor-container elementor-column-gap-default\">\n\t\t\t\t\t<div class=\"elementor-column elementor-col-100 elementor-top-column elementor-element elementor-element-63c9125\" data-id=\"63c9125\" data-element_type=\"column\" data-e-type=\"column\">\n\t\t\t<div class=\"elementor-widget-wrap elementor-element-populated\">\n\t\t\t\t\t\t<div class=\"elementor-element elementor-element-21298f7 elementor-widget elementor-widget-template\" data-id=\"21298f7\" data-element_type=\"widget\" data-e-type=\"widget\" data-widget_type=\"template.default\">\n\t\t\t\t<div class=\"elementor-widget-container\">\n\t\t\t\t\t\t\t<div class=\"elementor-template\">\n\t\t\t\t\t<div data-elementor-type=\"section\" data-elementor-id=\"160151\" class=\"elementor elementor-160151 elementor-1109 elementor-1109\" data-elementor-post-type=\"elementor_library\">\n\t\t\t\t\t<section class=\"wd-negative-gap elementor-section elementor-top-section elementor-element elementor-element-bbcf8df elementor-section-boxed elementor-section-height-default elementor-section-height-default\" data-id=\"bbcf8df\" data-element_type=\"section\" data-e-type=\"section\">\n\t\t\t\t\t\t<div class=\"elementor-container elementor-column-gap-default\">\n\t\t\t\t\t<div class=\"elementor-column elementor-col-33 elementor-top-column elementor-element elementor-element-c50ff7b\" data-id=\"c50ff7b\" data-element_type=\"column\" data-e-type=\"column\">\n\t\t\t<div class=\"elementor-widget-wrap elementor-element-populated\">\n\t\t\t\t\t\t<div class=\"elementor-element elementor-element-2288f6b elementor-view-default elementor-position-block-start elementor-mobile-position-block-start elementor-invisible elementor-widget elementor-widget-icon-box\" data-id=\"2288f6b\" data-element_type=\"widget\" data-e-type=\"widget\" data-settings=\"{&quot;_animation&quot;:&quot;wd-anim-right-flip-y&quot;,&quot;_animation_delay&quot;:150}\" data-widget_type=\"icon-box.default\">\n\t\t\t\t<div class=\"elementor-widget-container\">\n\t\t\t\t\t\t\t<div class=\"elementor-icon-box-wrapper\">\n\n\t\t\t\t\t\t<div class=\"elementor-icon-box-icon\">\n\t\t\t\t<a href=\"https:\/\/bluon.io\/modalita-di-pagamento\/\" class=\"elementor-icon\" tabindex=\"-1\" aria-label=\"Paga de forma segura.\">\n\t\t\t\t<svg aria-hidden=\"true\" class=\"e-font-icon-svg e-far-credit-card\" viewBox=\"0 0 576 512\" xmlns=\"http:\/\/www.w3.org\/2000\/svg\"><path d=\"M527.9 32H48.1C21.5 32 0 53.5 0 80v352c0 26.5 21.5 48 48.1 48h479.8c26.6 0 48.1-21.5 48.1-48V80c0-26.5-21.5-48-48.1-48zM54.1 80h467.8c3.3 0 6 2.7 6 6v42H48.1V86c0-3.3 2.7-6 6-6zm467.8 352H54.1c-3.3 0-6-2.7-6-6V256h479.8v170c0 3.3-2.7 6-6 6zM192 332v40c0 6.6-5.4 12-12 12h-72c-6.6 0-12-5.4-12-12v-40c0-6.6 5.4-12 12-12h72c6.6 0 12 5.4 12 12zm192 0v40c0 6.6-5.4 12-12 12H236c-6.6 0-12-5.4-12-12v-40c0-6.6 5.4-12 12-12h136c6.6 0 12 5.4 12 12z\"><\/path><\/svg>\t\t\t\t<\/a>\n\t\t\t<\/div>\n\t\t\t\n\t\t\t\t\t\t<div class=\"elementor-icon-box-content\">\n\n\t\t\t\t\t\t\t\t\t<h3 class=\"elementor-icon-box-title\">\n\t\t\t\t\t\t<a href=\"https:\/\/bluon.io\/modalita-di-pagamento\/\" >\n\t\t\t\t\t\t\tPaga de forma segura.\t\t\t\t\t\t<\/a>\n\t\t\t\t\t<\/h3>\n\t\t\t\t\n\t\t\t\t\t\t\t\t\t<p class=\"elementor-icon-box-description\">\n\t\t\t\t\t\tEscoge el m\u00e9todo de pago certificado y seguro que prefieras.\t\t\t\t\t<\/p>\n\t\t\t\t\n\t\t\t<\/div>\n\t\t\t\n\t\t<\/div>\n\t\t\t\t\t\t<\/div>\n\t\t\t\t<\/div>\n\t\t\t\t\t<\/div>\n\t\t<\/div>\n\t\t\t\t<div class=\"elementor-column elementor-col-33 elementor-top-column elementor-element elementor-element-3dc1608\" data-id=\"3dc1608\" data-element_type=\"column\" data-e-type=\"column\">\n\t\t\t<div class=\"elementor-widget-wrap elementor-element-populated\">\n\t\t\t\t\t\t<div class=\"elementor-element elementor-element-012067d elementor-view-default elementor-position-block-start elementor-mobile-position-block-start elementor-invisible elementor-widget elementor-widget-icon-box\" data-id=\"012067d\" data-element_type=\"widget\" data-e-type=\"widget\" data-settings=\"{&quot;_animation&quot;:&quot;wd-anim-right-flip-y&quot;,&quot;_animation_delay&quot;:300}\" data-widget_type=\"icon-box.default\">\n\t\t\t\t<div class=\"elementor-widget-container\">\n\t\t\t\t\t\t\t<div class=\"elementor-icon-box-wrapper\">\n\n\t\t\t\t\t\t<div class=\"elementor-icon-box-icon\">\n\t\t\t\t<a href=\"https:\/\/bluon.io\/es\/envio\/\" class=\"elementor-icon\" tabindex=\"-1\" aria-label=\"Env\u00edo gratuito.\">\n\t\t\t\t<svg aria-hidden=\"true\" class=\"e-font-icon-svg e-fas-shipping-fast\" viewBox=\"0 0 640 512\" xmlns=\"http:\/\/www.w3.org\/2000\/svg\"><path d=\"M624 352h-16V243.9c0-12.7-5.1-24.9-14.1-33.9L494 110.1c-9-9-21.2-14.1-33.9-14.1H416V48c0-26.5-21.5-48-48-48H112C85.5 0 64 21.5 64 48v48H8c-4.4 0-8 3.6-8 8v16c0 4.4 3.6 8 8 8h272c4.4 0 8 3.6 8 8v16c0 4.4-3.6 8-8 8H40c-4.4 0-8 3.6-8 8v16c0 4.4 3.6 8 8 8h208c4.4 0 8 3.6 8 8v16c0 4.4-3.6 8-8 8H8c-4.4 0-8 3.6-8 8v16c0 4.4 3.6 8 8 8h208c4.4 0 8 3.6 8 8v16c0 4.4-3.6 8-8 8H64v128c0 53 43 96 96 96s96-43 96-96h128c0 53 43 96 96 96s96-43 96-96h48c8.8 0 16-7.2 16-16v-32c0-8.8-7.2-16-16-16zM160 464c-26.5 0-48-21.5-48-48s21.5-48 48-48 48 21.5 48 48-21.5 48-48 48zm320 0c-26.5 0-48-21.5-48-48s21.5-48 48-48 48 21.5 48 48-21.5 48-48 48zm80-208H416V144h44.1l99.9 99.9V256z\"><\/path><\/svg>\t\t\t\t<\/a>\n\t\t\t<\/div>\n\t\t\t\n\t\t\t\t\t\t<div class=\"elementor-icon-box-content\">\n\n\t\t\t\t\t\t\t\t\t<h3 class=\"elementor-icon-box-title\">\n\t\t\t\t\t\t<a href=\"https:\/\/bluon.io\/es\/envio\/\" >\n\t\t\t\t\t\t\tEnv\u00edo gratuito.\t\t\t\t\t\t<\/a>\n\t\t\t\t\t<\/h3>\n\t\t\t\t\n\t\t\t\t\t\t\t\t\t<p class=\"elementor-icon-box-description\">\n\t\t\t\t\t\tCon un pedido m\u00ednimo de 40\u20ac, el env\u00edo por mensajero es gratuito.\t\t\t\t\t<\/p>\n\t\t\t\t\n\t\t\t<\/div>\n\t\t\t\n\t\t<\/div>\n\t\t\t\t\t\t<\/div>\n\t\t\t\t<\/div>\n\t\t\t\t\t<\/div>\n\t\t<\/div>\n\t\t\t\t<div class=\"elementor-column elementor-col-33 elementor-top-column elementor-element elementor-element-6319b73\" data-id=\"6319b73\" data-element_type=\"column\" data-e-type=\"column\">\n\t\t\t<div class=\"elementor-widget-wrap elementor-element-populated\">\n\t\t\t\t\t\t<div class=\"elementor-element elementor-element-ff1b9d4 elementor-view-default elementor-position-block-start elementor-mobile-position-block-start elementor-invisible elementor-widget elementor-widget-icon-box\" data-id=\"ff1b9d4\" data-element_type=\"widget\" data-e-type=\"widget\" data-settings=\"{&quot;_animation&quot;:&quot;wd-anim-right-flip-y&quot;}\" data-widget_type=\"icon-box.default\">\n\t\t\t\t<div class=\"elementor-widget-container\">\n\t\t\t\t\t\t\t<div class=\"elementor-icon-box-wrapper\">\n\n\t\t\t\t\t\t<div class=\"elementor-icon-box-icon\">\n\t\t\t\t<a href=\"https:\/\/bluon.io\/es\/?page_id=160142\" class=\"elementor-icon\" tabindex=\"-1\" aria-label=\"DEVOLUCI\u00d3N FACIL, ayuda inmediata.\">\n\t\t\t\t<svg aria-hidden=\"true\" class=\"e-font-icon-svg e-far-check-circle\" viewBox=\"0 0 512 512\" xmlns=\"http:\/\/www.w3.org\/2000\/svg\"><path d=\"M256 8C119.033 8 8 119.033 8 256s111.033 248 248 248 248-111.033 248-248S392.967 8 256 8zm0 48c110.532 0 200 89.451 200 200 0 110.532-89.451 200-200 200-110.532 0-200-89.451-200-200 0-110.532 89.451-200 200-200m140.204 130.267l-22.536-22.718c-4.667-4.705-12.265-4.736-16.97-.068L215.346 303.697l-59.792-60.277c-4.667-4.705-12.265-4.736-16.97-.069l-22.719 22.536c-4.705 4.667-4.736 12.265-.068 16.971l90.781 91.516c4.667 4.705 12.265 4.736 16.97.068l172.589-171.204c4.704-4.668 4.734-12.266.067-16.971z\"><\/path><\/svg>\t\t\t\t<\/a>\n\t\t\t<\/div>\n\t\t\t\n\t\t\t\t\t\t<div class=\"elementor-icon-box-content\">\n\n\t\t\t\t\t\t\t\t\t<h3 class=\"elementor-icon-box-title\">\n\t\t\t\t\t\t<a href=\"https:\/\/bluon.io\/es\/?page_id=160142\" >\n\t\t\t\t\t\t\tDEVOLUCI\u00d3N FACIL, ayuda inmediata.\t\t\t\t\t\t<\/a>\n\t\t\t\t\t<\/h3>\n\t\t\t\t\n\t\t\t\t\t\t\t\t\t<p class=\"elementor-icon-box-description\">\n\t\t\t\t\t\tQuedamos a tu disposici\u00f3n para cualquier informaci\u00f3n: ponte en contacto con nosotros en la p\u00e1gina dedicada.\t\t\t\t\t<\/p>\n\t\t\t\t\n\t\t\t<\/div>\n\t\t\t\n\t\t<\/div>\n\t\t\t\t\t\t<\/div>\n\t\t\t\t<\/div>\n\t\t\t\t\t<\/div>\n\t\t<\/div>\n\t\t\t\t\t<\/div>\n\t\t<\/section>\n\t\t\t\t<\/div>\n\t\t\t\t<\/div>\n\t\t\t\t\t\t<\/div>\n\t\t\t\t<\/div>\n\t\t\t\t\t<\/div>\n\t\t<\/div>\n\t\t\t\t\t<\/div>\n\t\t<\/section>\n\t\t\t\t<\/div>\n\t\t","protected":false},"excerpt":{"rendered":"<p>Enviamos a todo el mundo. Los productos se entregan a trav\u00e9s de mensajeros afiliados, directamente al Usuario, en la direcci\u00f3n<\/p>\n","protected":false},"author":2,"featured_media":159519,"parent":0,"menu_order":0,"comment_status":"closed","ping_status":"closed","template":"","meta":{"footnotes":""},"class_list":["post-160101","page","type-page","status-publish","has-post-thumbnail","hentry"],"yoast_head":"<!-- This site is optimized with the Yoast SEO plugin v27.5 - https:\/\/yoast.com\/product\/yoast-seo-wordpress\/ -->\n<title>Envi\u00f3 &#8211; bluon<\/title>\n<meta name=\"description\" content=\"Los productos se entregan a trav\u00e9s de mensajeros afiliados, directamente al Usuario, en la direcci\u00f3n de entrega especificada durante el proceso de pedido.\" \/>\n<meta name=\"robots\" content=\"index, follow, max-snippet:-1, max-image-preview:large, max-video-preview:-1\" \/>\n<link rel=\"canonical\" href=\"https:\/\/bluon.io\/es\/envio\/\" \/>\n<meta property=\"og:locale\" content=\"es_ES\" \/>\n<meta property=\"og:type\" content=\"article\" \/>\n<meta property=\"og:title\" content=\"Envi\u00f3 &#8211; bluon\" \/>\n<meta property=\"og:description\" content=\"Los productos se entregan a trav\u00e9s de mensajeros afiliados, directamente al Usuario, en la direcci\u00f3n de entrega especificada durante el proceso de pedido.\" \/>\n<meta property=\"og:url\" content=\"https:\/\/bluon.io\/es\/envio\/\" \/>\n<meta property=\"og:site_name\" content=\"bluon\" \/>\n<meta property=\"article:publisher\" content=\"https:\/\/www.facebook.com\/semiperdo\" \/>\n<meta property=\"article:modified_time\" content=\"2022-05-19T15:48:54+00:00\" \/>\n<meta property=\"og:image\" content=\"https:\/\/bluon.io\/wp-content\/uploads\/2022\/02\/cropped-favicon_bluon_blu_O.png\" \/>\n\t<meta property=\"og:image:width\" content=\"512\" \/>\n\t<meta property=\"og:image:height\" content=\"512\" \/>\n\t<meta property=\"og:image:type\" content=\"image\/png\" \/>\n<meta name=\"twitter:card\" content=\"summary_large_image\" \/>\n<meta name=\"twitter:label1\" content=\"Tiempo de lectura\" \/>\n\t<meta name=\"twitter:data1\" content=\"3 minutos\" \/>\n<script type=\"application\/ld+json\" class=\"yoast-schema-graph\">{\"@context\":\"https:\\\/\\\/schema.org\",\"@graph\":[{\"@type\":\"WebPage\",\"@id\":\"https:\\\/\\\/bluon.io\\\/es\\\/envio\\\/\",\"url\":\"https:\\\/\\\/bluon.io\\\/es\\\/envio\\\/\",\"name\":\"Envi\u00f3 &#8211; bluon\",\"isPartOf\":{\"@id\":\"https:\\\/\\\/bluon.io\\\/es\\\/#website\"},\"primaryImageOfPage\":{\"@id\":\"https:\\\/\\\/bluon.io\\\/es\\\/envio\\\/#primaryimage\"},\"image\":{\"@id\":\"https:\\\/\\\/bluon.io\\\/es\\\/envio\\\/#primaryimage\"},\"thumbnailUrl\":\"https:\\\/\\\/bluon.io\\\/wp-content\\\/uploads\\\/2022\\\/02\\\/cropped-favicon_bluon_blu_O.png\",\"datePublished\":\"2022-03-03T15:20:05+00:00\",\"dateModified\":\"2022-05-19T15:48:54+00:00\",\"description\":\"Los productos se entregan a trav\u00e9s de mensajeros afiliados, directamente al Usuario, en la direcci\u00f3n de entrega especificada durante el proceso de pedido.\",\"breadcrumb\":{\"@id\":\"https:\\\/\\\/bluon.io\\\/es\\\/envio\\\/#breadcrumb\"},\"inLanguage\":\"es\",\"potentialAction\":[{\"@type\":\"ReadAction\",\"target\":[\"https:\\\/\\\/bluon.io\\\/es\\\/envio\\\/\"]}]},{\"@type\":\"ImageObject\",\"inLanguage\":\"es\",\"@id\":\"https:\\\/\\\/bluon.io\\\/es\\\/envio\\\/#primaryimage\",\"url\":\"https:\\\/\\\/bluon.io\\\/wp-content\\\/uploads\\\/2022\\\/02\\\/cropped-favicon_bluon_blu_O.png\",\"contentUrl\":\"https:\\\/\\\/bluon.io\\\/wp-content\\\/uploads\\\/2022\\\/02\\\/cropped-favicon_bluon_blu_O.png\",\"width\":512,\"height\":512},{\"@type\":\"BreadcrumbList\",\"@id\":\"https:\\\/\\\/bluon.io\\\/es\\\/envio\\\/#breadcrumb\",\"itemListElement\":[{\"@type\":\"ListItem\",\"position\":1,\"name\":\"Home\",\"item\":\"https:\\\/\\\/bluon.io\\\/es\\\/\"},{\"@type\":\"ListItem\",\"position\":2,\"name\":\"Envi\u00f3\"}]},{\"@type\":\"WebSite\",\"@id\":\"https:\\\/\\\/bluon.io\\\/es\\\/#website\",\"url\":\"https:\\\/\\\/bluon.io\\\/es\\\/\",\"name\":\"bluon\",\"description\":\"Proteggi chi ami.\",\"publisher\":{\"@id\":\"https:\\\/\\\/bluon.io\\\/es\\\/#organization\"},\"potentialAction\":[{\"@type\":\"SearchAction\",\"target\":{\"@type\":\"EntryPoint\",\"urlTemplate\":\"https:\\\/\\\/bluon.io\\\/es\\\/?s={search_term_string}\"},\"query-input\":{\"@type\":\"PropertyValueSpecification\",\"valueRequired\":true,\"valueName\":\"search_term_string\"}}],\"inLanguage\":\"es\"},{\"@type\":\"Organization\",\"@id\":\"https:\\\/\\\/bluon.io\\\/es\\\/#organization\",\"name\":\"blu oberon\",\"url\":\"https:\\\/\\\/bluon.io\\\/es\\\/\",\"logo\":{\"@type\":\"ImageObject\",\"inLanguage\":\"es\",\"@id\":\"https:\\\/\\\/bluon.io\\\/es\\\/#\\\/schema\\\/logo\\\/image\\\/\",\"url\":\"https:\\\/\\\/bluon.io\\\/wp-content\\\/uploads\\\/2022\\\/02\\\/cropped-favicon_bluon_blu_O.png\",\"contentUrl\":\"https:\\\/\\\/bluon.io\\\/wp-content\\\/uploads\\\/2022\\\/02\\\/cropped-favicon_bluon_blu_O.png\",\"width\":512,\"height\":512,\"caption\":\"blu oberon\"},\"image\":{\"@id\":\"https:\\\/\\\/bluon.io\\\/es\\\/#\\\/schema\\\/logo\\\/image\\\/\"},\"sameAs\":[\"https:\\\/\\\/www.facebook.com\\\/semiperdo\",\"https:\\\/\\\/www.instagram.com\\\/semiperdo\\\/\",\"https:\\\/\\\/www.youtube.com\\\/channel\\\/UCWSOgCMc851BGG99GADUp6A\"]}]}<\/script>\n<!-- \/ Yoast SEO plugin. -->","yoast_head_json":{"title":"Envi\u00f3 &#8211; bluon","description":"Los productos se entregan a trav\u00e9s de mensajeros afiliados, directamente al Usuario, en la direcci\u00f3n de entrega especificada durante el proceso de pedido.","robots":{"index":"index","follow":"follow","max-snippet":"max-snippet:-1","max-image-preview":"max-image-preview:large","max-video-preview":"max-video-preview:-1"},"canonical":"https:\/\/bluon.io\/es\/envio\/","og_locale":"es_ES","og_type":"article","og_title":"Envi\u00f3 &#8211; bluon","og_description":"Los productos se entregan a trav\u00e9s de mensajeros afiliados, directamente al Usuario, en la direcci\u00f3n de entrega especificada durante el proceso de pedido.","og_url":"https:\/\/bluon.io\/es\/envio\/","og_site_name":"bluon","article_publisher":"https:\/\/www.facebook.com\/semiperdo","article_modified_time":"2022-05-19T15:48:54+00:00","og_image":[{"width":512,"height":512,"url":"https:\/\/bluon.io\/wp-content\/uploads\/2022\/02\/cropped-favicon_bluon_blu_O.png","type":"image\/png"}],"twitter_card":"summary_large_image","twitter_misc":{"Tiempo de lectura":"3 minutos"},"schema":{"@context":"https:\/\/schema.org","@graph":[{"@type":"WebPage","@id":"https:\/\/bluon.io\/es\/envio\/","url":"https:\/\/bluon.io\/es\/envio\/","name":"Envi\u00f3 &#8211; bluon","isPartOf":{"@id":"https:\/\/bluon.io\/es\/#website"},"primaryImageOfPage":{"@id":"https:\/\/bluon.io\/es\/envio\/#primaryimage"},"image":{"@id":"https:\/\/bluon.io\/es\/envio\/#primaryimage"},"thumbnailUrl":"https:\/\/bluon.io\/wp-content\/uploads\/2022\/02\/cropped-favicon_bluon_blu_O.png","datePublished":"2022-03-03T15:20:05+00:00","dateModified":"2022-05-19T15:48:54+00:00","description":"Los productos se entregan a trav\u00e9s de mensajeros afiliados, directamente al Usuario, en la direcci\u00f3n de entrega especificada durante el proceso de pedido.","breadcrumb":{"@id":"https:\/\/bluon.io\/es\/envio\/#breadcrumb"},"inLanguage":"es","potentialAction":[{"@type":"ReadAction","target":["https:\/\/bluon.io\/es\/envio\/"]}]},{"@type":"ImageObject","inLanguage":"es","@id":"https:\/\/bluon.io\/es\/envio\/#primaryimage","url":"https:\/\/bluon.io\/wp-content\/uploads\/2022\/02\/cropped-favicon_bluon_blu_O.png","contentUrl":"https:\/\/bluon.io\/wp-content\/uploads\/2022\/02\/cropped-favicon_bluon_blu_O.png","width":512,"height":512},{"@type":"BreadcrumbList","@id":"https:\/\/bluon.io\/es\/envio\/#breadcrumb","itemListElement":[{"@type":"ListItem","position":1,"name":"Home","item":"https:\/\/bluon.io\/es\/"},{"@type":"ListItem","position":2,"name":"Envi\u00f3"}]},{"@type":"WebSite","@id":"https:\/\/bluon.io\/es\/#website","url":"https:\/\/bluon.io\/es\/","name":"bluon","description":"Proteggi chi ami.","publisher":{"@id":"https:\/\/bluon.io\/es\/#organization"},"potentialAction":[{"@type":"SearchAction","target":{"@type":"EntryPoint","urlTemplate":"https:\/\/bluon.io\/es\/?s={search_term_string}"},"query-input":{"@type":"PropertyValueSpecification","valueRequired":true,"valueName":"search_term_string"}}],"inLanguage":"es"},{"@type":"Organization","@id":"https:\/\/bluon.io\/es\/#organization","name":"blu oberon","url":"https:\/\/bluon.io\/es\/","logo":{"@type":"ImageObject","inLanguage":"es","@id":"https:\/\/bluon.io\/es\/#\/schema\/logo\/image\/","url":"https:\/\/bluon.io\/wp-content\/uploads\/2022\/02\/cropped-favicon_bluon_blu_O.png","contentUrl":"https:\/\/bluon.io\/wp-content\/uploads\/2022\/02\/cropped-favicon_bluon_blu_O.png","width":512,"height":512,"caption":"blu oberon"},"image":{"@id":"https:\/\/bluon.io\/es\/#\/schema\/logo\/image\/"},"sameAs":["https:\/\/www.facebook.com\/semiperdo","https:\/\/www.instagram.com\/semiperdo\/","https:\/\/www.youtube.com\/channel\/UCWSOgCMc851BGG99GADUp6A"]}]}},"_links":{"self":[{"href":"https:\/\/bluon.io\/es\/wp-json\/wp\/v2\/pages\/160101","targetHints":{"allow":["GET"]}}],"collection":[{"href":"https:\/\/bluon.io\/es\/wp-json\/wp\/v2\/pages"}],"about":[{"href":"https:\/\/bluon.io\/es\/wp-json\/wp\/v2\/types\/page"}],"author":[{"embeddable":true,"href":"https:\/\/bluon.io\/es\/wp-json\/wp\/v2\/users\/2"}],"replies":[{"embeddable":true,"href":"https:\/\/bluon.io\/es\/wp-json\/wp\/v2\/comments?post=160101"}],"version-history":[{"count":0,"href":"https:\/\/bluon.io\/es\/wp-json\/wp\/v2\/pages\/160101\/revisions"}],"wp:featuredmedia":[{"embeddable":true,"href":"https:\/\/bluon.io\/es\/wp-json\/wp\/v2\/media\/159519"}],"wp:attachment":[{"href":"https:\/\/bluon.io\/es\/wp-json\/wp\/v2\/media?parent=160101"}],"curies":[{"name":"wp","href":"https:\/\/api.w.org\/{rel}","templated":true}]}}