{"id":156056,"date":"2022-04-13T12:05:43","date_gmt":"2022-04-13T10:05:43","guid":{"rendered":"https:\/\/bluon.io\/wiederverkaufer\/"},"modified":"2024-09-23T11:34:25","modified_gmt":"2024-09-23T09:34:25","slug":"wiederverkauf","status":"publish","type":"page","link":"https:\/\/bluon.io\/de\/wiederverkauf\/","title":{"rendered":"Wiederverk\u00e4ufer"},"content":{"rendered":"\t\t<div data-elementor-type=\"wp-page\" data-elementor-id=\"156056\" class=\"elementor elementor-156056 elementor-150294\" data-elementor-post-type=\"page\">\n\t\t\t\t\t\t<section class=\"wd-negative-gap elementor-section elementor-top-section elementor-element elementor-element-c53ec3a elementor-section-full_width elementor-section-height-default elementor-section-height-default\" data-id=\"c53ec3a\" data-element_type=\"section\" data-e-type=\"section\">\n\t\t\t\t\t\t<div class=\"elementor-container elementor-column-gap-default\">\n\t\t\t\t\t<div class=\"elementor-column elementor-col-100 elementor-top-column elementor-element elementor-element-52fef4a\" data-id=\"52fef4a\" data-element_type=\"column\" data-e-type=\"column\">\n\t\t\t<div class=\"elementor-widget-wrap elementor-element-populated\">\n\t\t\t\t\t\t<div class=\"elementor-element elementor-element-2118d68 elementor-widget elementor-widget-heading\" data-id=\"2118d68\" data-element_type=\"widget\" data-e-type=\"widget\" data-widget_type=\"heading.default\">\n\t\t\t\t<div class=\"elementor-widget-container\">\n\t\t\t\t\t<h1 class=\"elementor-heading-title elementor-size-default\">M\u00f6chtest du die intelligenten bluon B\u00e4nder in deinem Shop verkaufen?<\/h1>\t\t\t\t<\/div>\n\t\t\t\t<\/div>\n\t\t\t\t<div class=\"elementor-element elementor-element-cad9b59 color-scheme-inherit text-left elementor-widget elementor-widget-text-editor\" data-id=\"cad9b59\" data-element_type=\"widget\" data-e-type=\"widget\" data-widget_type=\"text-editor.default\">\n\t\t\t\t<div class=\"elementor-widget-container\">\n\t\t\t\t\t\t\t\t\t<p style=\"text-align: left;\">Vielen Dank f\u00fcr dein Interesse an unserem innovativen und vor allem einfach zu bedienenden Produkt. Die mit Liebe in Italien hergestellten bluon.me smart Armb\u00e4nder und Halsb\u00e4nder (Semiperdo auf Italienisch) werden bereits von tausenden von Familien gesch\u00e4tzt.<\/p>\t\t\t\t\t\t\t\t<\/div>\n\t\t\t\t<\/div>\n\t\t\t\t\t<\/div>\n\t\t<\/div>\n\t\t\t\t\t<\/div>\n\t\t<\/section>\n\t\t\t\t<section class=\"wd-negative-gap elementor-section elementor-top-section elementor-element elementor-element-a9b53b5 elementor-section-boxed elementor-section-height-default elementor-section-height-default\" data-id=\"a9b53b5\" data-element_type=\"section\" data-e-type=\"section\">\n\t\t\t\t\t\t<div class=\"elementor-container elementor-column-gap-default\">\n\t\t\t\t\t<div class=\"elementor-column elementor-col-100 elementor-top-column elementor-element elementor-element-def84e7\" data-id=\"def84e7\" data-element_type=\"column\" data-e-type=\"column\">\n\t\t\t<div class=\"elementor-widget-wrap elementor-element-populated\">\n\t\t\t\t\t\t<div class=\"elementor-element elementor-element-13055f1 elementor-button-align-start elementor-widget elementor-widget-form\" data-id=\"13055f1\" data-element_type=\"widget\" data-e-type=\"widget\" data-settings=\"{&quot;step_next_label&quot;:&quot;Successivo&quot;,&quot;step_previous_label&quot;:&quot;Precedente&quot;,&quot;button_width&quot;:&quot;100&quot;,&quot;step_type&quot;:&quot;number_text&quot;,&quot;step_icon_shape&quot;:&quot;circle&quot;}\" data-widget_type=\"form.default\">\n\t\t\t\t<div class=\"elementor-widget-container\">\n\t\t\t\t\t\t\t<form class=\"elementor-form\" method=\"post\" name=\"Rivenditori DE\" aria-label=\"Rivenditori DE\">\n\t\t\t<input type=\"hidden\" name=\"post_id\" value=\"156056\"\/>\n\t\t\t<input type=\"hidden\" name=\"form_id\" value=\"13055f1\"\/>\n\t\t\t<input type=\"hidden\" name=\"referer_title\" value=\"bluon\" \/>\n\n\t\t\t\n\t\t\t<div class=\"elementor-form-fields-wrapper elementor-labels-above\">\n\t\t\t\t\t\t\t\t<div class=\"elementor-field-type-text elementor-field-group elementor-column elementor-field-group-name elementor-col-50 elementor-field-required\">\n\t\t\t\t\t\t\t\t\t\t\t\t<label for=\"form-field-name\" class=\"elementor-field-label\">\n\t\t\t\t\t\t\t\tDein Vorname\t\t\t\t\t\t\t<\/label>\n\t\t\t\t\t\t\t\t\t\t\t\t\t\t<input size=\"1\" type=\"text\" name=\"form_fields[name]\" id=\"form-field-name\" class=\"elementor-field elementor-size-sm  elementor-field-textual\" required=\"required\">\n\t\t\t\t\t\t\t\t\t\t\t<\/div>\n\t\t\t\t\t\t\t\t<div class=\"elementor-field-type-text elementor-field-group elementor-column elementor-field-group-field_7c5cace elementor-col-50 elementor-field-required\">\n\t\t\t\t\t\t\t\t\t\t\t\t<label for=\"form-field-field_7c5cace\" class=\"elementor-field-label\">\n\t\t\t\t\t\t\t\tDein Nachname\t\t\t\t\t\t\t<\/label>\n\t\t\t\t\t\t\t\t\t\t\t\t\t\t<input size=\"1\" type=\"text\" name=\"form_fields[field_7c5cace]\" id=\"form-field-field_7c5cace\" class=\"elementor-field elementor-size-sm  elementor-field-textual\" required=\"required\">\n\t\t\t\t\t\t\t\t\t\t\t<\/div>\n\t\t\t\t\t\t\t\t<div class=\"elementor-field-type-text elementor-field-group elementor-column elementor-field-group-field_74bea60 elementor-col-50 elementor-field-required\">\n\t\t\t\t\t\t\t\t\t\t\t\t<label for=\"form-field-field_74bea60\" class=\"elementor-field-label\">\n\t\t\t\t\t\t\t\tName deines Unternehmens\t\t\t\t\t\t\t<\/label>\n\t\t\t\t\t\t\t\t\t\t\t\t\t\t<input size=\"1\" type=\"text\" name=\"form_fields[field_74bea60]\" id=\"form-field-field_74bea60\" class=\"elementor-field elementor-size-sm  elementor-field-textual\" required=\"required\">\n\t\t\t\t\t\t\t\t\t\t\t<\/div>\n\t\t\t\t\t\t\t\t<div class=\"elementor-field-type-text elementor-field-group elementor-column elementor-field-group-field_7de32ae elementor-col-50\">\n\t\t\t\t\t\t\t\t\t\t\t\t<label for=\"form-field-field_7de32ae\" class=\"elementor-field-label\">\n\t\t\t\t\t\t\t\tWebsite oder Facebook\/Instagram Seite\t\t\t\t\t\t\t<\/label>\n\t\t\t\t\t\t\t\t\t\t\t\t\t\t<input size=\"1\" type=\"text\" name=\"form_fields[field_7de32ae]\" id=\"form-field-field_7de32ae\" class=\"elementor-field elementor-size-sm  elementor-field-textual\">\n\t\t\t\t\t\t\t\t\t\t\t<\/div>\n\t\t\t\t\t\t\t\t<div class=\"elementor-field-type-email elementor-field-group elementor-column elementor-field-group-email elementor-col-50 elementor-field-required\">\n\t\t\t\t\t\t\t\t\t\t\t\t<label for=\"form-field-email\" class=\"elementor-field-label\">\n\t\t\t\t\t\t\t\tDeine E-Mail Adresse\t\t\t\t\t\t\t<\/label>\n\t\t\t\t\t\t\t\t\t\t\t\t\t\t<input size=\"1\" type=\"email\" name=\"form_fields[email]\" id=\"form-field-email\" class=\"elementor-field elementor-size-sm  elementor-field-textual\" required=\"required\">\n\t\t\t\t\t\t\t\t\t\t\t<\/div>\n\t\t\t\t\t\t\t\t<div class=\"elementor-field-type-tel elementor-field-group elementor-column elementor-field-group-field_61316ed elementor-col-50 elementor-field-required\">\n\t\t\t\t\t\t\t\t\t\t\t\t<label for=\"form-field-field_61316ed\" class=\"elementor-field-label\">\n\t\t\t\t\t\t\t\tTelefonnummer\t\t\t\t\t\t\t<\/label>\n\t\t\t\t\t\t\t\t<input size=\"1\" type=\"tel\" name=\"form_fields[field_61316ed]\" id=\"form-field-field_61316ed\" class=\"elementor-field elementor-size-sm  elementor-field-textual\" required=\"required\" pattern=\"[0-9()#&amp;+*-=.]+\" title=\"Nur Nummern oder Telefon-Zeichen (#, -, *, etc) werden akzeptiert.\">\n\n\t\t\t\t\t\t<\/div>\n\t\t\t\t\t\t\t\t<div class=\"elementor-field-type-text elementor-field-group elementor-column elementor-field-group-field_d0f4379 elementor-col-50 elementor-field-required\">\n\t\t\t\t\t\t\t\t\t\t\t\t<label for=\"form-field-field_d0f4379\" class=\"elementor-field-label\">\n\t\t\t\t\t\t\t\tLand\t\t\t\t\t\t\t<\/label>\n\t\t\t\t\t\t\t\t\t\t\t\t\t\t<input size=\"1\" type=\"text\" name=\"form_fields[field_d0f4379]\" id=\"form-field-field_d0f4379\" class=\"elementor-field elementor-size-sm  elementor-field-textual\" required=\"required\">\n\t\t\t\t\t\t\t\t\t\t\t<\/div>\n\t\t\t\t\t\t\t\t<div class=\"elementor-field-type-text elementor-field-group elementor-column elementor-field-group-field_6a603bb elementor-col-50\">\n\t\t\t\t\t\t\t\t\t\t\t\t<label for=\"form-field-field_6a603bb\" class=\"elementor-field-label\">\n\t\t\t\t\t\t\t\tPostleitzahl\t\t\t\t\t\t\t<\/label>\n\t\t\t\t\t\t\t\t\t\t\t\t\t\t<input size=\"1\" type=\"text\" name=\"form_fields[field_6a603bb]\" id=\"form-field-field_6a603bb\" class=\"elementor-field elementor-size-sm  elementor-field-textual\">\n\t\t\t\t\t\t\t\t\t\t\t<\/div>\n\t\t\t\t\t\t\t\t<div class=\"elementor-field-type-textarea elementor-field-group elementor-column elementor-field-group-message elementor-col-100\">\n\t\t\t\t\t\t\t\t\t\t\t\t<label for=\"form-field-message\" class=\"elementor-field-label\">\n\t\t\t\t\t\t\t\tBitte erz\u00e4hle hier kurz etwas \u00fcber die Art deines Gesch\u00e4ftes:\t\t\t\t\t\t\t<\/label>\n\t\t\t\t\t\t<textarea class=\"elementor-field-textual elementor-field  elementor-size-sm\" name=\"form_fields[message]\" id=\"form-field-message\" rows=\"4\"><\/textarea>\t\t\t\t<\/div>\n\t\t\t\t\t\t\t\t<div class=\"elementor-field-type-acceptance elementor-field-group elementor-column elementor-field-group-field_ca3ccf2 elementor-col-100 elementor-field-required\">\n\t\t\t\t\t\t\t\t\t\t\t\t<label for=\"form-field-field_ca3ccf2\" class=\"elementor-field-label\">\n\t\t\t\t\t\t\t\tDatenschutzerkl\u00e4rung \t\t\t\t\t\t\t<\/label>\n\t\t\t\t\t\t\t\t<div class=\"elementor-field-subgroup\">\n\t\t\t<span class=\"elementor-field-option\">\n\t\t\t\t<input type=\"checkbox\" name=\"form_fields[field_ca3ccf2]\" id=\"form-field-field_ca3ccf2\" class=\"elementor-field elementor-size-sm  elementor-acceptance-field\" required=\"required\">\n\t\t\t\t<label for=\"form-field-field_ca3ccf2\">Ich habe die <a href=\"https:\/\/bluon.io\/de\/privacy\/\">Datenschutzerkl\u00e4rung<\/a> gelesen und akzeptiert<\/label>\t\t\t<\/span>\n\t\t<\/div>\n\t\t\t\t\t\t<\/div>\n\t\t\t\t\t\t\t\t<div class=\"elementor-field-group elementor-column elementor-field-type-submit elementor-col-100 e-form__buttons\">\n\t\t\t\t\t<button class=\"elementor-button elementor-size-md\" type=\"submit\">\n\t\t\t\t\t\t<span class=\"elementor-button-content-wrapper\">\n\t\t\t\t\t\t\t\t\t\t\t\t\t\t\t\t\t\t\t\t\t\t<span class=\"elementor-button-text\">SENDEN<\/span>\n\t\t\t\t\t\t\t\t\t\t\t\t\t<\/span>\n\t\t\t\t\t<\/button>\n\t\t\t\t<\/div>\n\t\t\t<\/div>\n\t\t<\/form>\n\t\t\t\t\t\t<\/div>\n\t\t\t\t<\/div>\n\t\t\t\t\t<\/div>\n\t\t<\/div>\n\t\t\t\t\t<\/div>\n\t\t<\/section>\n\t\t\t\t<\/div>\n\t\t","protected":false},"excerpt":{"rendered":"<p>M\u00f6chtest du die intelligenten bluon B\u00e4nder in deinem Shop verkaufen? Vielen Dank f\u00fcr dein Interesse an unserem innovativen und vor<\/p>\n","protected":false},"author":2,"featured_media":188079,"parent":0,"menu_order":0,"comment_status":"closed","ping_status":"closed","template":"elementor_header_footer","meta":{"footnotes":""},"class_list":["post-156056","page","type-page","status-publish","has-post-thumbnail","hentry"],"yoast_head":"<!-- This site is optimized with the Yoast SEO plugin v27.5 - https:\/\/yoast.com\/product\/yoast-seo-wordpress\/ -->\n<title>M\u00f6chtest du die intelligenten bluon B\u00e4nder in deinem Shop verkaufen?<\/title>\n<meta name=\"description\" content=\"Vielen Dank f\u00fcr dein Interesse an unserem innovativen und vor allem einfach zu bedienenden Produkt. Die mit Liebe in Italien hergestellten bluon.me smart Armb\u00e4nder und Halsb\u00e4nder werden bereits von tausenden von Familien gesch\u00e4tzt.\" \/>\n<meta name=\"robots\" content=\"index, follow, max-snippet:-1, max-image-preview:large, max-video-preview:-1\" \/>\n<link rel=\"canonical\" href=\"https:\/\/bluon.io\/de\/wiederverkauf\/\" \/>\n<meta property=\"og:locale\" content=\"de_DE\" \/>\n<meta property=\"og:type\" content=\"article\" \/>\n<meta property=\"og:title\" content=\"M\u00f6chtest du die intelligenten bluon B\u00e4nder in deinem Shop verkaufen?\" \/>\n<meta property=\"og:description\" content=\"Vielen Dank f\u00fcr dein Interesse an unserem innovativen und vor allem einfach zu bedienenden Produkt. Die mit Liebe in Italien hergestellten bluon.me smart Armb\u00e4nder und Halsb\u00e4nder werden bereits von tausenden von Familien gesch\u00e4tzt.\" \/>\n<meta property=\"og:url\" content=\"https:\/\/bluon.io\/de\/wiederverkauf\/\" \/>\n<meta property=\"og:site_name\" content=\"bluon\" \/>\n<meta property=\"article:publisher\" content=\"https:\/\/www.facebook.com\/semiperdo\" \/>\n<meta property=\"article:modified_time\" content=\"2024-09-23T09:34:25+00:00\" \/>\n<meta property=\"og:image\" content=\"https:\/\/bluon.io\/wp-content\/uploads\/2023\/07\/POSDISPLAY_DEU_1080.jpg\" \/>\n\t<meta property=\"og:image:width\" content=\"1080\" \/>\n\t<meta property=\"og:image:height\" content=\"1080\" \/>\n\t<meta property=\"og:image:type\" content=\"image\/jpeg\" \/>\n<meta name=\"twitter:card\" content=\"summary_large_image\" \/>\n<meta name=\"twitter:label1\" content=\"Gesch\u00e4tzte Lesezeit\" \/>\n\t<meta name=\"twitter:data1\" content=\"1\u00a0Minute\" \/>\n<script type=\"application\/ld+json\" class=\"yoast-schema-graph\">{\"@context\":\"https:\\\/\\\/schema.org\",\"@graph\":[{\"@type\":\"WebPage\",\"@id\":\"https:\\\/\\\/bluon.io\\\/de\\\/wiederverkauf\\\/\",\"url\":\"https:\\\/\\\/bluon.io\\\/de\\\/wiederverkauf\\\/\",\"name\":\"M\u00f6chtest du die intelligenten bluon B\u00e4nder in deinem Shop verkaufen?\",\"isPartOf\":{\"@id\":\"https:\\\/\\\/bluon.io\\\/de\\\/#website\"},\"primaryImageOfPage\":{\"@id\":\"https:\\\/\\\/bluon.io\\\/de\\\/wiederverkauf\\\/#primaryimage\"},\"image\":{\"@id\":\"https:\\\/\\\/bluon.io\\\/de\\\/wiederverkauf\\\/#primaryimage\"},\"thumbnailUrl\":\"https:\\\/\\\/bluon.io\\\/wp-content\\\/uploads\\\/2023\\\/07\\\/POSDISPLAY_DEU_1080.jpg\",\"datePublished\":\"2022-04-13T10:05:43+00:00\",\"dateModified\":\"2024-09-23T09:34:25+00:00\",\"description\":\"Vielen Dank f\u00fcr dein Interesse an unserem innovativen und vor allem einfach zu bedienenden Produkt. Die mit Liebe in Italien hergestellten bluon.me smart Armb\u00e4nder und Halsb\u00e4nder werden bereits von tausenden von Familien gesch\u00e4tzt.\",\"breadcrumb\":{\"@id\":\"https:\\\/\\\/bluon.io\\\/de\\\/wiederverkauf\\\/#breadcrumb\"},\"inLanguage\":\"de\",\"potentialAction\":[{\"@type\":\"ReadAction\",\"target\":[\"https:\\\/\\\/bluon.io\\\/de\\\/wiederverkauf\\\/\"]}]},{\"@type\":\"ImageObject\",\"inLanguage\":\"de\",\"@id\":\"https:\\\/\\\/bluon.io\\\/de\\\/wiederverkauf\\\/#primaryimage\",\"url\":\"https:\\\/\\\/bluon.io\\\/wp-content\\\/uploads\\\/2023\\\/07\\\/POSDISPLAY_DEU_1080.jpg\",\"contentUrl\":\"https:\\\/\\\/bluon.io\\\/wp-content\\\/uploads\\\/2023\\\/07\\\/POSDISPLAY_DEU_1080.jpg\",\"width\":1080,\"height\":1080},{\"@type\":\"BreadcrumbList\",\"@id\":\"https:\\\/\\\/bluon.io\\\/de\\\/wiederverkauf\\\/#breadcrumb\",\"itemListElement\":[{\"@type\":\"ListItem\",\"position\":1,\"name\":\"Home\",\"item\":\"https:\\\/\\\/bluon.io\\\/de\\\/\"},{\"@type\":\"ListItem\",\"position\":2,\"name\":\"Wiederverk\u00e4ufer\"}]},{\"@type\":\"WebSite\",\"@id\":\"https:\\\/\\\/bluon.io\\\/de\\\/#website\",\"url\":\"https:\\\/\\\/bluon.io\\\/de\\\/\",\"name\":\"bluon\",\"description\":\"Proteggi chi ami.\",\"publisher\":{\"@id\":\"https:\\\/\\\/bluon.io\\\/de\\\/#organization\"},\"potentialAction\":[{\"@type\":\"SearchAction\",\"target\":{\"@type\":\"EntryPoint\",\"urlTemplate\":\"https:\\\/\\\/bluon.io\\\/de\\\/?s={search_term_string}\"},\"query-input\":{\"@type\":\"PropertyValueSpecification\",\"valueRequired\":true,\"valueName\":\"search_term_string\"}}],\"inLanguage\":\"de\"},{\"@type\":\"Organization\",\"@id\":\"https:\\\/\\\/bluon.io\\\/de\\\/#organization\",\"name\":\"blu oberon\",\"url\":\"https:\\\/\\\/bluon.io\\\/de\\\/\",\"logo\":{\"@type\":\"ImageObject\",\"inLanguage\":\"de\",\"@id\":\"https:\\\/\\\/bluon.io\\\/de\\\/#\\\/schema\\\/logo\\\/image\\\/\",\"url\":\"https:\\\/\\\/bluon.io\\\/wp-content\\\/uploads\\\/2022\\\/02\\\/cropped-favicon_bluon_blu_O.png\",\"contentUrl\":\"https:\\\/\\\/bluon.io\\\/wp-content\\\/uploads\\\/2022\\\/02\\\/cropped-favicon_bluon_blu_O.png\",\"width\":512,\"height\":512,\"caption\":\"blu oberon\"},\"image\":{\"@id\":\"https:\\\/\\\/bluon.io\\\/de\\\/#\\\/schema\\\/logo\\\/image\\\/\"},\"sameAs\":[\"https:\\\/\\\/www.facebook.com\\\/semiperdo\",\"https:\\\/\\\/www.instagram.com\\\/semiperdo\\\/\",\"https:\\\/\\\/www.youtube.com\\\/channel\\\/UCWSOgCMc851BGG99GADUp6A\"]}]}<\/script>\n<!-- \/ Yoast SEO plugin. -->","yoast_head_json":{"title":"M\u00f6chtest du die intelligenten bluon B\u00e4nder in deinem Shop verkaufen?","description":"Vielen Dank f\u00fcr dein Interesse an unserem innovativen und vor allem einfach zu bedienenden Produkt. Die mit Liebe in Italien hergestellten bluon.me smart Armb\u00e4nder und Halsb\u00e4nder werden bereits von tausenden von Familien gesch\u00e4tzt.","robots":{"index":"index","follow":"follow","max-snippet":"max-snippet:-1","max-image-preview":"max-image-preview:large","max-video-preview":"max-video-preview:-1"},"canonical":"https:\/\/bluon.io\/de\/wiederverkauf\/","og_locale":"de_DE","og_type":"article","og_title":"M\u00f6chtest du die intelligenten bluon B\u00e4nder in deinem Shop verkaufen?","og_description":"Vielen Dank f\u00fcr dein Interesse an unserem innovativen und vor allem einfach zu bedienenden Produkt. Die mit Liebe in Italien hergestellten bluon.me smart Armb\u00e4nder und Halsb\u00e4nder werden bereits von tausenden von Familien gesch\u00e4tzt.","og_url":"https:\/\/bluon.io\/de\/wiederverkauf\/","og_site_name":"bluon","article_publisher":"https:\/\/www.facebook.com\/semiperdo","article_modified_time":"2024-09-23T09:34:25+00:00","og_image":[{"width":1080,"height":1080,"url":"https:\/\/bluon.io\/wp-content\/uploads\/2023\/07\/POSDISPLAY_DEU_1080.jpg","type":"image\/jpeg"}],"twitter_card":"summary_large_image","twitter_misc":{"Gesch\u00e4tzte Lesezeit":"1\u00a0Minute"},"schema":{"@context":"https:\/\/schema.org","@graph":[{"@type":"WebPage","@id":"https:\/\/bluon.io\/de\/wiederverkauf\/","url":"https:\/\/bluon.io\/de\/wiederverkauf\/","name":"M\u00f6chtest du die intelligenten bluon B\u00e4nder in deinem Shop verkaufen?","isPartOf":{"@id":"https:\/\/bluon.io\/de\/#website"},"primaryImageOfPage":{"@id":"https:\/\/bluon.io\/de\/wiederverkauf\/#primaryimage"},"image":{"@id":"https:\/\/bluon.io\/de\/wiederverkauf\/#primaryimage"},"thumbnailUrl":"https:\/\/bluon.io\/wp-content\/uploads\/2023\/07\/POSDISPLAY_DEU_1080.jpg","datePublished":"2022-04-13T10:05:43+00:00","dateModified":"2024-09-23T09:34:25+00:00","description":"Vielen Dank f\u00fcr dein Interesse an unserem innovativen und vor allem einfach zu bedienenden Produkt. Die mit Liebe in Italien hergestellten bluon.me smart Armb\u00e4nder und Halsb\u00e4nder werden bereits von tausenden von Familien gesch\u00e4tzt.","breadcrumb":{"@id":"https:\/\/bluon.io\/de\/wiederverkauf\/#breadcrumb"},"inLanguage":"de","potentialAction":[{"@type":"ReadAction","target":["https:\/\/bluon.io\/de\/wiederverkauf\/"]}]},{"@type":"ImageObject","inLanguage":"de","@id":"https:\/\/bluon.io\/de\/wiederverkauf\/#primaryimage","url":"https:\/\/bluon.io\/wp-content\/uploads\/2023\/07\/POSDISPLAY_DEU_1080.jpg","contentUrl":"https:\/\/bluon.io\/wp-content\/uploads\/2023\/07\/POSDISPLAY_DEU_1080.jpg","width":1080,"height":1080},{"@type":"BreadcrumbList","@id":"https:\/\/bluon.io\/de\/wiederverkauf\/#breadcrumb","itemListElement":[{"@type":"ListItem","position":1,"name":"Home","item":"https:\/\/bluon.io\/de\/"},{"@type":"ListItem","position":2,"name":"Wiederverk\u00e4ufer"}]},{"@type":"WebSite","@id":"https:\/\/bluon.io\/de\/#website","url":"https:\/\/bluon.io\/de\/","name":"bluon","description":"Proteggi chi ami.","publisher":{"@id":"https:\/\/bluon.io\/de\/#organization"},"potentialAction":[{"@type":"SearchAction","target":{"@type":"EntryPoint","urlTemplate":"https:\/\/bluon.io\/de\/?s={search_term_string}"},"query-input":{"@type":"PropertyValueSpecification","valueRequired":true,"valueName":"search_term_string"}}],"inLanguage":"de"},{"@type":"Organization","@id":"https:\/\/bluon.io\/de\/#organization","name":"blu oberon","url":"https:\/\/bluon.io\/de\/","logo":{"@type":"ImageObject","inLanguage":"de","@id":"https:\/\/bluon.io\/de\/#\/schema\/logo\/image\/","url":"https:\/\/bluon.io\/wp-content\/uploads\/2022\/02\/cropped-favicon_bluon_blu_O.png","contentUrl":"https:\/\/bluon.io\/wp-content\/uploads\/2022\/02\/cropped-favicon_bluon_blu_O.png","width":512,"height":512,"caption":"blu oberon"},"image":{"@id":"https:\/\/bluon.io\/de\/#\/schema\/logo\/image\/"},"sameAs":["https:\/\/www.facebook.com\/semiperdo","https:\/\/www.instagram.com\/semiperdo\/","https:\/\/www.youtube.com\/channel\/UCWSOgCMc851BGG99GADUp6A"]}]}},"_links":{"self":[{"href":"https:\/\/bluon.io\/de\/wp-json\/wp\/v2\/pages\/156056","targetHints":{"allow":["GET"]}}],"collection":[{"href":"https:\/\/bluon.io\/de\/wp-json\/wp\/v2\/pages"}],"about":[{"href":"https:\/\/bluon.io\/de\/wp-json\/wp\/v2\/types\/page"}],"author":[{"embeddable":true,"href":"https:\/\/bluon.io\/de\/wp-json\/wp\/v2\/users\/2"}],"replies":[{"embeddable":true,"href":"https:\/\/bluon.io\/de\/wp-json\/wp\/v2\/comments?post=156056"}],"version-history":[{"count":0,"href":"https:\/\/bluon.io\/de\/wp-json\/wp\/v2\/pages\/156056\/revisions"}],"wp:featuredmedia":[{"embeddable":true,"href":"https:\/\/bluon.io\/de\/wp-json\/wp\/v2\/media\/188079"}],"wp:attachment":[{"href":"https:\/\/bluon.io\/de\/wp-json\/wp\/v2\/media?parent=156056"}],"curies":[{"name":"wp","href":"https:\/\/api.w.org\/{rel}","templated":true}]}}