{"id":155501,"date":"2022-03-29T15:20:42","date_gmt":"2022-03-29T13:20:42","guid":{"rendered":"https:\/\/bluon.io\/storia-2\/"},"modified":"2022-06-06T12:44:00","modified_gmt":"2022-06-06T10:44:00","slug":"wer-sind-wir","status":"publish","type":"page","link":"https:\/\/bluon.io\/de\/wer-sind-wir\/","title":{"rendered":"Wer sind wir"},"content":{"rendered":"\t\t<div data-elementor-type=\"wp-page\" data-elementor-id=\"155501\" class=\"elementor elementor-155501 elementor-13261\" data-elementor-post-type=\"page\">\n\t\t\t\t\t\t<section class=\"wd-negative-gap elementor-section elementor-top-section elementor-element elementor-element-f8f2f5b elementor-section-full_width elementor-section-stretched elementor-section-height-default elementor-section-height-default\" data-id=\"f8f2f5b\" data-element_type=\"section\" data-e-type=\"section\" data-settings=\"{&quot;stretch_section&quot;:&quot;section-stretched&quot;,&quot;background_background&quot;:&quot;classic&quot;}\">\n\t\t\t\t\t\t<div class=\"elementor-container elementor-column-gap-default\">\n\t\t\t\t\t<div class=\"elementor-column elementor-col-100 elementor-top-column elementor-element elementor-element-63c9125\" data-id=\"63c9125\" data-element_type=\"column\" data-e-type=\"column\">\n\t\t\t<div class=\"elementor-widget-wrap elementor-element-populated\">\n\t\t\t\t\t\t<div class=\"elementor-element elementor-element-81bbcd1 elementor-widget elementor-widget-image\" data-id=\"81bbcd1\" data-element_type=\"widget\" data-e-type=\"widget\" data-widget_type=\"image.default\">\n\t\t\t\t<div class=\"elementor-widget-container\">\n\t\t\t\t\t\t\t\t\t\t\t\t\t\t\t<img decoding=\"async\" src=\"https:\/\/bluon.io\/wp-content\/uploads\/2022\/04\/logo_bluon_bianco-150x41.png\" title=\"logo bluon\" alt=\"logo bluon\" loading=\"lazy\" \/>\t\t\t\t\t\t\t\t\t\t\t\t\t\t\t<\/div>\n\t\t\t\t<\/div>\n\t\t\t\t\t<\/div>\n\t\t<\/div>\n\t\t\t\t\t<\/div>\n\t\t<\/section>\n\t\t\t\t<section class=\"wd-negative-gap elementor-section elementor-top-section elementor-element elementor-element-f1d2a95 elementor-section-boxed elementor-section-height-default elementor-section-height-default\" data-id=\"f1d2a95\" data-element_type=\"section\" data-e-type=\"section\" data-settings=\"{&quot;background_background&quot;:&quot;classic&quot;}\">\n\t\t\t\t\t\t<div class=\"elementor-container elementor-column-gap-default\">\n\t\t\t\t\t<div class=\"elementor-column elementor-col-50 elementor-top-column elementor-element elementor-element-d7e35b2\" data-id=\"d7e35b2\" data-element_type=\"column\" data-e-type=\"column\">\n\t\t\t<div class=\"elementor-widget-wrap elementor-element-populated\">\n\t\t\t\t\t\t<div class=\"elementor-element elementor-element-87fb7a3 color-scheme-inherit text-left elementor-widget elementor-widget-text-editor\" data-id=\"87fb7a3\" data-element_type=\"widget\" data-e-type=\"widget\" data-widget_type=\"text-editor.default\">\n\t\t\t\t<div class=\"elementor-widget-container\">\n\t\t\t\t\t\t\t\t\tWIR WOLLEN DIE WELT F\u00dcR UNSERE LIEBSTEN SICHERER MACHEN.\t\t\t\t\t\t\t\t<\/div>\n\t\t\t\t<\/div>\n\t\t\t\t\t<\/div>\n\t\t<\/div>\n\t\t\t\t<div class=\"elementor-column elementor-col-50 elementor-top-column elementor-element elementor-element-3b0a1be\" data-id=\"3b0a1be\" data-element_type=\"column\" data-e-type=\"column\">\n\t\t\t<div class=\"elementor-widget-wrap elementor-element-populated\">\n\t\t\t\t\t\t<div class=\"elementor-element elementor-element-5a1bffc color-scheme-inherit text-left elementor-widget elementor-widget-text-editor\" data-id=\"5a1bffc\" data-element_type=\"widget\" data-e-type=\"widget\" data-widget_type=\"text-editor.default\">\n\t\t\t\t<div class=\"elementor-widget-container\">\n\t\t\t\t\t\t\t\t\t<p><span data-sheets-value=\"{\" data-sheets-userformat=\"{\">Deshalb entwickeln wir bei Blu Oberon seit 2013 intelligente, technologische L\u00f6sungen, um Dein Leben zu erleichtern und manche Sorgen zu nehmen. Wir sind motiviert von der Leidenschaft innovativ zu sein und einfache, aber n\u00fctzliche Produkte mit einem sch\u00f6nen Design und ganz intuitiven Funktionen zu schaffen.<\/span><\/p><p>Mit Liebe in Italien hergestellt, werden die intelligenten Armb\u00e4nder und Halsb\u00e4nder von bluon.me (auf Italienisch \u201aSemiperdo\u2018 genannt) bereits von tausenden von Familien verwendet, um Kinder, Erwachsene und Haustiere gleicherma\u00dfen zu sch\u00fctzen.<\/p><p>Die Zukunft ist ein spannendes Abenteuer, das es Tag f\u00fcr Tag zu entdecken gilt. Unsere bluon.me B\u00e4nder sind ein Beginn einer technologischen Revolution, die zu einem v\u00f6llig erschwinglichen Preis erh\u00e4ltlich ist, sodass sie f\u00fcr alle zug\u00e4nglich sind, insbesondere f\u00fcr die Schw\u00e4chsten.<\/p>\t\t\t\t\t\t\t\t<\/div>\n\t\t\t\t<\/div>\n\t\t\t\t\t<\/div>\n\t\t<\/div>\n\t\t\t\t\t<\/div>\n\t\t<\/section>\n\t\t\t\t<section class=\"wd-negative-gap elementor-section elementor-top-section elementor-element elementor-element-732d682 elementor-section-full_width elementor-section-stretched elementor-section-height-default elementor-section-height-default\" data-id=\"732d682\" data-element_type=\"section\" data-e-type=\"section\" data-settings=\"{&quot;stretch_section&quot;:&quot;section-stretched&quot;,&quot;background_background&quot;:&quot;classic&quot;}\">\n\t\t\t\t\t\t<div class=\"elementor-container elementor-column-gap-default\">\n\t\t\t\t\t<div class=\"elementor-column elementor-col-100 elementor-top-column elementor-element elementor-element-3848961\" data-id=\"3848961\" data-element_type=\"column\" data-e-type=\"column\">\n\t\t\t<div class=\"elementor-widget-wrap elementor-element-populated\">\n\t\t\t\t\t\t<div class=\"elementor-element elementor-element-e5b9838 text-center color-scheme-inherit elementor-widget elementor-widget-text-editor\" data-id=\"e5b9838\" data-element_type=\"widget\" data-e-type=\"widget\" data-widget_type=\"text-editor.default\">\n\t\t\t\t<div class=\"elementor-widget-container\">\n\t\t\t\t\t\t\t\t\tUND WEN M\u00d6CHTEST DU BESCH\u00dcTZEN?\t\t\t\t\t\t\t\t<\/div>\n\t\t\t\t<\/div>\n\t\t\t\t\t<\/div>\n\t\t<\/div>\n\t\t\t\t\t<\/div>\n\t\t<\/section>\n\t\t\t\t<\/div>\n\t\t","protected":false},"excerpt":{"rendered":"<p>WIR WOLLEN DIE WELT F\u00dcR UNSERE LIEBSTEN SICHERER MACHEN. Deshalb entwickeln wir bei Blu Oberon seit 2013 intelligente, technologische L\u00f6sungen,<\/p>\n","protected":false},"author":2,"featured_media":151142,"parent":0,"menu_order":0,"comment_status":"closed","ping_status":"closed","template":"","meta":{"footnotes":""},"class_list":["post-155501","page","type-page","status-publish","has-post-thumbnail","hentry"],"yoast_head":"<!-- This site is optimized with the Yoast SEO plugin v27.2 - https:\/\/yoast.com\/product\/yoast-seo-wordpress\/ -->\n<title>Wer sind wir &#8211; bluon<\/title>\n<meta name=\"description\" content=\"Deshalb entwickeln wir bei Blu Oberon seit 2013 intelligente, technologische L\u00f6sungen, um Ihr Leben zu erleichtern und manche Sorgen zu nehmen. Wir sind motiviert von der Leidenschaft, innovativ zu sein und einfache, aber n\u00fctzliche Produkte mit einem sch\u00f6nen Design und ganz intuitiven Funktionen zu schaffen.\" \/>\n<meta name=\"robots\" content=\"index, follow, max-snippet:-1, max-image-preview:large, max-video-preview:-1\" \/>\n<link rel=\"canonical\" href=\"https:\/\/bluon.io\/de\/wer-sind-wir\/\" \/>\n<meta property=\"og:locale\" content=\"de_DE\" \/>\n<meta property=\"og:type\" content=\"article\" \/>\n<meta property=\"og:title\" content=\"Wer sind wir &#8211; bluon\" \/>\n<meta property=\"og:description\" content=\"Deshalb entwickeln wir bei Blu Oberon seit 2013 intelligente, technologische L\u00f6sungen, um Ihr Leben zu erleichtern und manche Sorgen zu nehmen. Wir sind motiviert von der Leidenschaft, innovativ zu sein und einfache, aber n\u00fctzliche Produkte mit einem sch\u00f6nen Design und ganz intuitiven Funktionen zu schaffen.\" \/>\n<meta property=\"og:url\" content=\"https:\/\/bluon.io\/de\/wer-sind-wir\/\" \/>\n<meta property=\"og:site_name\" content=\"bluon\" \/>\n<meta property=\"article:publisher\" content=\"https:\/\/www.facebook.com\/semiperdo\" \/>\n<meta property=\"article:modified_time\" content=\"2022-06-06T10:44:00+00:00\" \/>\n<meta property=\"og:image\" content=\"https:\/\/bluon.io\/wp-content\/uploads\/2022\/02\/smp_homeslide_rso.jpg\" \/>\n\t<meta property=\"og:image:width\" content=\"1920\" \/>\n\t<meta property=\"og:image:height\" content=\"1280\" \/>\n\t<meta property=\"og:image:type\" content=\"image\/jpeg\" \/>\n<meta name=\"twitter:card\" content=\"summary_large_image\" \/>\n<meta name=\"twitter:label1\" content=\"Gesch\u00e4tzte Lesezeit\" \/>\n\t<meta name=\"twitter:data1\" content=\"1\u00a0Minute\" \/>\n<script type=\"application\/ld+json\" class=\"yoast-schema-graph\">{\"@context\":\"https:\/\/schema.org\",\"@graph\":[{\"@type\":\"WebPage\",\"@id\":\"https:\/\/bluon.io\/de\/wer-sind-wir\/\",\"url\":\"https:\/\/bluon.io\/de\/wer-sind-wir\/\",\"name\":\"Wer sind wir &#8211; bluon\",\"isPartOf\":{\"@id\":\"https:\/\/bluon.io\/de\/#website\"},\"primaryImageOfPage\":{\"@id\":\"https:\/\/bluon.io\/de\/wer-sind-wir\/#primaryimage\"},\"image\":{\"@id\":\"https:\/\/bluon.io\/de\/wer-sind-wir\/#primaryimage\"},\"thumbnailUrl\":\"https:\/\/bluon.io\/wp-content\/uploads\/2022\/02\/smp_homeslide_rso.jpg\",\"datePublished\":\"2022-03-29T13:20:42+00:00\",\"dateModified\":\"2022-06-06T10:44:00+00:00\",\"description\":\"Deshalb entwickeln wir bei Blu Oberon seit 2013 intelligente, technologische L\u00f6sungen, um Ihr Leben zu erleichtern und manche Sorgen zu nehmen. Wir sind motiviert von der Leidenschaft, innovativ zu sein und einfache, aber n\u00fctzliche Produkte mit einem sch\u00f6nen Design und ganz intuitiven Funktionen zu schaffen.\",\"breadcrumb\":{\"@id\":\"https:\/\/bluon.io\/de\/wer-sind-wir\/#breadcrumb\"},\"inLanguage\":\"de\",\"potentialAction\":[{\"@type\":\"ReadAction\",\"target\":[\"https:\/\/bluon.io\/de\/wer-sind-wir\/\"]}]},{\"@type\":\"ImageObject\",\"inLanguage\":\"de\",\"@id\":\"https:\/\/bluon.io\/de\/wer-sind-wir\/#primaryimage\",\"url\":\"https:\/\/bluon.io\/wp-content\/uploads\/2022\/02\/smp_homeslide_rso.jpg\",\"contentUrl\":\"https:\/\/bluon.io\/wp-content\/uploads\/2022\/02\/smp_homeslide_rso.jpg\",\"width\":1920,\"height\":1280},{\"@type\":\"BreadcrumbList\",\"@id\":\"https:\/\/bluon.io\/de\/wer-sind-wir\/#breadcrumb\",\"itemListElement\":[{\"@type\":\"ListItem\",\"position\":1,\"name\":\"Home\",\"item\":\"https:\/\/bluon.io\/de\/\"},{\"@type\":\"ListItem\",\"position\":2,\"name\":\"Wer sind wir\"}]},{\"@type\":\"WebSite\",\"@id\":\"https:\/\/bluon.io\/de\/#website\",\"url\":\"https:\/\/bluon.io\/de\/\",\"name\":\"bluon\",\"description\":\"Proteggi chi ami.\",\"publisher\":{\"@id\":\"https:\/\/bluon.io\/de\/#organization\"},\"potentialAction\":[{\"@type\":\"SearchAction\",\"target\":{\"@type\":\"EntryPoint\",\"urlTemplate\":\"https:\/\/bluon.io\/de\/?s={search_term_string}\"},\"query-input\":{\"@type\":\"PropertyValueSpecification\",\"valueRequired\":true,\"valueName\":\"search_term_string\"}}],\"inLanguage\":\"de\"},{\"@type\":\"Organization\",\"@id\":\"https:\/\/bluon.io\/de\/#organization\",\"name\":\"blu oberon\",\"url\":\"https:\/\/bluon.io\/de\/\",\"logo\":{\"@type\":\"ImageObject\",\"inLanguage\":\"de\",\"@id\":\"https:\/\/bluon.io\/de\/#\/schema\/logo\/image\/\",\"url\":\"https:\/\/bluon.io\/wp-content\/uploads\/2022\/02\/cropped-favicon_bluon_blu_O.png\",\"contentUrl\":\"https:\/\/bluon.io\/wp-content\/uploads\/2022\/02\/cropped-favicon_bluon_blu_O.png\",\"width\":512,\"height\":512,\"caption\":\"blu oberon\"},\"image\":{\"@id\":\"https:\/\/bluon.io\/de\/#\/schema\/logo\/image\/\"},\"sameAs\":[\"https:\/\/www.facebook.com\/semiperdo\",\"https:\/\/www.instagram.com\/semiperdo\/\",\"https:\/\/www.youtube.com\/channel\/UCWSOgCMc851BGG99GADUp6A\"]}]}<\/script>\n<!-- \/ Yoast SEO plugin. -->","yoast_head_json":{"title":"Wer sind wir &#8211; bluon","description":"Deshalb entwickeln wir bei Blu Oberon seit 2013 intelligente, technologische L\u00f6sungen, um Ihr Leben zu erleichtern und manche Sorgen zu nehmen. Wir sind motiviert von der Leidenschaft, innovativ zu sein und einfache, aber n\u00fctzliche Produkte mit einem sch\u00f6nen Design und ganz intuitiven Funktionen zu schaffen.","robots":{"index":"index","follow":"follow","max-snippet":"max-snippet:-1","max-image-preview":"max-image-preview:large","max-video-preview":"max-video-preview:-1"},"canonical":"https:\/\/bluon.io\/de\/wer-sind-wir\/","og_locale":"de_DE","og_type":"article","og_title":"Wer sind wir &#8211; bluon","og_description":"Deshalb entwickeln wir bei Blu Oberon seit 2013 intelligente, technologische L\u00f6sungen, um Ihr Leben zu erleichtern und manche Sorgen zu nehmen. Wir sind motiviert von der Leidenschaft, innovativ zu sein und einfache, aber n\u00fctzliche Produkte mit einem sch\u00f6nen Design und ganz intuitiven Funktionen zu schaffen.","og_url":"https:\/\/bluon.io\/de\/wer-sind-wir\/","og_site_name":"bluon","article_publisher":"https:\/\/www.facebook.com\/semiperdo","article_modified_time":"2022-06-06T10:44:00+00:00","og_image":[{"width":1920,"height":1280,"url":"https:\/\/bluon.io\/wp-content\/uploads\/2022\/02\/smp_homeslide_rso.jpg","type":"image\/jpeg"}],"twitter_card":"summary_large_image","twitter_misc":{"Gesch\u00e4tzte Lesezeit":"1\u00a0Minute"},"schema":{"@context":"https:\/\/schema.org","@graph":[{"@type":"WebPage","@id":"https:\/\/bluon.io\/de\/wer-sind-wir\/","url":"https:\/\/bluon.io\/de\/wer-sind-wir\/","name":"Wer sind wir &#8211; bluon","isPartOf":{"@id":"https:\/\/bluon.io\/de\/#website"},"primaryImageOfPage":{"@id":"https:\/\/bluon.io\/de\/wer-sind-wir\/#primaryimage"},"image":{"@id":"https:\/\/bluon.io\/de\/wer-sind-wir\/#primaryimage"},"thumbnailUrl":"https:\/\/bluon.io\/wp-content\/uploads\/2022\/02\/smp_homeslide_rso.jpg","datePublished":"2022-03-29T13:20:42+00:00","dateModified":"2022-06-06T10:44:00+00:00","description":"Deshalb entwickeln wir bei Blu Oberon seit 2013 intelligente, technologische L\u00f6sungen, um Ihr Leben zu erleichtern und manche Sorgen zu nehmen. Wir sind motiviert von der Leidenschaft, innovativ zu sein und einfache, aber n\u00fctzliche Produkte mit einem sch\u00f6nen Design und ganz intuitiven Funktionen zu schaffen.","breadcrumb":{"@id":"https:\/\/bluon.io\/de\/wer-sind-wir\/#breadcrumb"},"inLanguage":"de","potentialAction":[{"@type":"ReadAction","target":["https:\/\/bluon.io\/de\/wer-sind-wir\/"]}]},{"@type":"ImageObject","inLanguage":"de","@id":"https:\/\/bluon.io\/de\/wer-sind-wir\/#primaryimage","url":"https:\/\/bluon.io\/wp-content\/uploads\/2022\/02\/smp_homeslide_rso.jpg","contentUrl":"https:\/\/bluon.io\/wp-content\/uploads\/2022\/02\/smp_homeslide_rso.jpg","width":1920,"height":1280},{"@type":"BreadcrumbList","@id":"https:\/\/bluon.io\/de\/wer-sind-wir\/#breadcrumb","itemListElement":[{"@type":"ListItem","position":1,"name":"Home","item":"https:\/\/bluon.io\/de\/"},{"@type":"ListItem","position":2,"name":"Wer sind wir"}]},{"@type":"WebSite","@id":"https:\/\/bluon.io\/de\/#website","url":"https:\/\/bluon.io\/de\/","name":"bluon","description":"Proteggi chi ami.","publisher":{"@id":"https:\/\/bluon.io\/de\/#organization"},"potentialAction":[{"@type":"SearchAction","target":{"@type":"EntryPoint","urlTemplate":"https:\/\/bluon.io\/de\/?s={search_term_string}"},"query-input":{"@type":"PropertyValueSpecification","valueRequired":true,"valueName":"search_term_string"}}],"inLanguage":"de"},{"@type":"Organization","@id":"https:\/\/bluon.io\/de\/#organization","name":"blu oberon","url":"https:\/\/bluon.io\/de\/","logo":{"@type":"ImageObject","inLanguage":"de","@id":"https:\/\/bluon.io\/de\/#\/schema\/logo\/image\/","url":"https:\/\/bluon.io\/wp-content\/uploads\/2022\/02\/cropped-favicon_bluon_blu_O.png","contentUrl":"https:\/\/bluon.io\/wp-content\/uploads\/2022\/02\/cropped-favicon_bluon_blu_O.png","width":512,"height":512,"caption":"blu oberon"},"image":{"@id":"https:\/\/bluon.io\/de\/#\/schema\/logo\/image\/"},"sameAs":["https:\/\/www.facebook.com\/semiperdo","https:\/\/www.instagram.com\/semiperdo\/","https:\/\/www.youtube.com\/channel\/UCWSOgCMc851BGG99GADUp6A"]}]}},"_links":{"self":[{"href":"https:\/\/bluon.io\/de\/wp-json\/wp\/v2\/pages\/155501","targetHints":{"allow":["GET"]}}],"collection":[{"href":"https:\/\/bluon.io\/de\/wp-json\/wp\/v2\/pages"}],"about":[{"href":"https:\/\/bluon.io\/de\/wp-json\/wp\/v2\/types\/page"}],"author":[{"embeddable":true,"href":"https:\/\/bluon.io\/de\/wp-json\/wp\/v2\/users\/2"}],"replies":[{"embeddable":true,"href":"https:\/\/bluon.io\/de\/wp-json\/wp\/v2\/comments?post=155501"}],"version-history":[{"count":0,"href":"https:\/\/bluon.io\/de\/wp-json\/wp\/v2\/pages\/155501\/revisions"}],"wp:featuredmedia":[{"embeddable":true,"href":"https:\/\/bluon.io\/de\/wp-json\/wp\/v2\/media\/151142"}],"wp:attachment":[{"href":"https:\/\/bluon.io\/de\/wp-json\/wp\/v2\/media?parent=155501"}],"curies":[{"name":"wp","href":"https:\/\/api.w.org\/{rel}","templated":true}]}}