{"id":155487,"date":"2022-03-03T17:20:05","date_gmt":"2022-03-03T15:20:05","guid":{"rendered":"https:\/\/bluon.io\/lieferung\/"},"modified":"2022-07-05T15:04:35","modified_gmt":"2022-07-05T13:04:35","slug":"versand","status":"publish","type":"page","link":"https:\/\/bluon.io\/de\/versand\/","title":{"rendered":"Versand"},"content":{"rendered":"\t\t<div data-elementor-type=\"wp-page\" data-elementor-id=\"155487\" class=\"elementor elementor-155487 elementor-1671\" data-elementor-post-type=\"page\">\n\t\t\t\t\t\t<section class=\"elementor-section elementor-top-section elementor-element elementor-element-db1b4eb elementor-section-boxed elementor-section-height-default elementor-section-height-default\" data-id=\"db1b4eb\" data-element_type=\"section\" data-e-type=\"section\">\n\t\t\t\t\t\t<div class=\"elementor-container elementor-column-gap-default\">\n\t\t\t\t\t<div class=\"elementor-column elementor-col-100 elementor-top-column elementor-element elementor-element-403bca5\" data-id=\"403bca5\" data-element_type=\"column\" data-e-type=\"column\">\n\t\t\t<div class=\"elementor-widget-wrap elementor-element-populated\">\n\t\t\t\t\t\t<div class=\"elementor-element elementor-element-96ffbaa color-scheme-inherit text-left elementor-widget elementor-widget-text-editor\" data-id=\"96ffbaa\" data-element_type=\"widget\" data-e-type=\"widget\" data-widget_type=\"text-editor.default\">\n\t\t\t\t<div class=\"elementor-widget-container\">\n\t\t\t\t\t\t\t\t\t<p>Die Produkte werden \u00fcber angeschlossene Postdienste direkt an den Benutzer an die w\u00e4hrend der Bestellphase angegebene Lieferadresse geliefert.<\/p><p>Bei der Durchf\u00fchrung des Registrierungsverfahrens ist es f\u00fcr die Ausf\u00fchrung dieses Vertrags und der gesamten diesbez\u00fcglichen Korrespondenz erforderlich, dass der Benutzer den Verk\u00e4ufer erm\u00e4chtigt, seine pers\u00f6nlichen Daten den Kurieren und\/oder Speditionen mitzuteilen, die mit der Lieferung der gekauften Waren beauftragt sind, um deren Auslieferung zu erm\u00f6glichen.<\/p><p>Der Verk\u00e4ufer wird alles in seiner Macht Stehende tun, um die Bestellung innerhalb von 2 Tagen und auf jeden Fall nicht sp\u00e4ter als 30 Tage ab dem folgenden Tag, an dem die Zahlung erfolgt ist, zu bearbeiten. Die Lieferzeiten werden auf der Grundlage von Arbeitstagen berechnet und schlie\u00dfen Feiertage nicht mit ein.<\/p><p>Diese Website erm\u00f6glicht es, die Lieferung der Produkte an eine andere Adresse als die des Benutzers zu senden, sofern diese innerhalb des bei der Registrierung angegebenen Wohnsitzlandes des Benutzers liegt; in jedem Fall obliegt es dem Benutzer, alle f\u00fcr eine erfolgreiche Lieferung erforderlichen Angaben zu machen.<\/p><p>Es ist nicht m\u00f6glich, die Produkte, die \u00fcber die Website gekauft wurden, direkt vom Lager des Verk\u00e4ufers abzuholen. Die angebotenen Kosten und Lieferarten k\u00f6nnen je nach Land und der vom Benutzer gew\u00e4hlten Lieferart variieren. Diese Kosten und alle zus\u00e4tzlichen Kosten gehen zu Lasten des Benutzers. Die Kosten werden auf der Zusammenfassung der Bestellung, bevor der Nutzer die \u00dcbermittlung der besagten Bestellung fortsetzt, sowie in der Best\u00e4tigungs-E-Mail deutlich und gesondert angegebe.<\/p>\t\t\t\t\t\t\t\t<\/div>\n\t\t\t\t<\/div>\n\t\t\t\t\t<\/div>\n\t\t<\/div>\n\t\t\t\t\t<\/div>\n\t\t<\/section>\n\t\t\t\t<section class=\"wd-negative-gap elementor-section elementor-top-section elementor-element elementor-element-f8f2f5b elementor-section-boxed elementor-section-height-default elementor-section-height-default\" data-id=\"f8f2f5b\" data-element_type=\"section\" data-e-type=\"section\">\n\t\t\t\t\t\t<div class=\"elementor-container elementor-column-gap-default\">\n\t\t\t\t\t<div class=\"elementor-column elementor-col-100 elementor-top-column elementor-element elementor-element-63c9125\" data-id=\"63c9125\" data-element_type=\"column\" data-e-type=\"column\">\n\t\t\t<div class=\"elementor-widget-wrap elementor-element-populated\">\n\t\t\t\t\t\t<div class=\"elementor-element elementor-element-21298f7 elementor-widget elementor-widget-template\" data-id=\"21298f7\" data-element_type=\"widget\" data-e-type=\"widget\" data-widget_type=\"template.default\">\n\t\t\t\t<div class=\"elementor-widget-container\">\n\t\t\t\t\t\t\t<div class=\"elementor-template\">\n\t\t\t\t\t<div data-elementor-type=\"section\" data-elementor-id=\"151924\" class=\"elementor elementor-151924 elementor-1109 elementor-1109\" data-elementor-post-type=\"elementor_library\">\n\t\t\t\t\t<section class=\"wd-negative-gap elementor-section elementor-top-section elementor-element elementor-element-bbcf8df elementor-section-boxed elementor-section-height-default elementor-section-height-default\" data-id=\"bbcf8df\" data-element_type=\"section\" data-e-type=\"section\">\n\t\t\t\t\t\t<div class=\"elementor-container elementor-column-gap-default\">\n\t\t\t\t\t<div class=\"elementor-column elementor-col-33 elementor-top-column elementor-element elementor-element-c50ff7b\" data-id=\"c50ff7b\" data-element_type=\"column\" data-e-type=\"column\">\n\t\t\t<div class=\"elementor-widget-wrap elementor-element-populated\">\n\t\t\t\t\t\t\t<link rel=\"stylesheet\" id=\"wd-mod-animations-keyframes-css\" href=\"https:\/\/bluon.io\/wp-content\/themes\/woodmart\/css\/parts\/mod-animations-keyframes.min.css?ver=8.4.0\" type=\"text\/css\" media=\"all\" \/> \t\t\t\t\t<div class=\"elementor-element elementor-element-2288f6b elementor-view-default elementor-position-block-start elementor-mobile-position-block-start elementor-invisible elementor-widget elementor-widget-icon-box\" data-id=\"2288f6b\" data-element_type=\"widget\" data-e-type=\"widget\" data-settings=\"{&quot;_animation&quot;:&quot;wd-anim-right-flip-y&quot;,&quot;_animation_delay&quot;:150}\" data-widget_type=\"icon-box.default\">\n\t\t\t\t<div class=\"elementor-widget-container\">\n\t\t\t\t\t\t\t<div class=\"elementor-icon-box-wrapper\">\n\n\t\t\t\t\t\t<div class=\"elementor-icon-box-icon\">\n\t\t\t\t<span  class=\"elementor-icon\">\n\t\t\t\t<svg aria-hidden=\"true\" class=\"e-font-icon-svg e-far-credit-card\" viewBox=\"0 0 576 512\" xmlns=\"http:\/\/www.w3.org\/2000\/svg\"><path d=\"M527.9 32H48.1C21.5 32 0 53.5 0 80v352c0 26.5 21.5 48 48.1 48h479.8c26.6 0 48.1-21.5 48.1-48V80c0-26.5-21.5-48-48.1-48zM54.1 80h467.8c3.3 0 6 2.7 6 6v42H48.1V86c0-3.3 2.7-6 6-6zm467.8 352H54.1c-3.3 0-6-2.7-6-6V256h479.8v170c0 3.3-2.7 6-6 6zM192 332v40c0 6.6-5.4 12-12 12h-72c-6.6 0-12-5.4-12-12v-40c0-6.6 5.4-12 12-12h72c6.6 0 12 5.4 12 12zm192 0v40c0 6.6-5.4 12-12 12H236c-6.6 0-12-5.4-12-12v-40c0-6.6 5.4-12 12-12h136c6.6 0 12 5.4 12 12z\"><\/path><\/svg>\t\t\t\t<\/span>\n\t\t\t<\/div>\n\t\t\t\n\t\t\t\t\t\t<div class=\"elementor-icon-box-content\">\n\n\t\t\t\t\t\t\t\t\t<h3 class=\"elementor-icon-box-title\">\n\t\t\t\t\t\t<span  >\n\t\t\t\t\t\t\tSICHERE BEZAHLUNG\t\t\t\t\t\t<\/span>\n\t\t\t\t\t<\/h3>\n\t\t\t\t\n\t\t\t\t\t\t\t\t\t<p class=\"elementor-icon-box-description\">\n\t\t\t\t\t\t\u00fcber zertifizierte Server \t\t\t\t\t<\/p>\n\t\t\t\t\n\t\t\t<\/div>\n\t\t\t\n\t\t<\/div>\n\t\t\t\t\t\t<\/div>\n\t\t\t\t<\/div>\n\t\t\t\t\t<\/div>\n\t\t<\/div>\n\t\t\t\t<div class=\"elementor-column elementor-col-33 elementor-top-column elementor-element elementor-element-3dc1608\" data-id=\"3dc1608\" data-element_type=\"column\" data-e-type=\"column\">\n\t\t\t<div class=\"elementor-widget-wrap elementor-element-populated\">\n\t\t\t\t\t\t<div class=\"elementor-element elementor-element-012067d elementor-view-default elementor-position-block-start elementor-mobile-position-block-start elementor-invisible elementor-widget elementor-widget-icon-box\" data-id=\"012067d\" data-element_type=\"widget\" data-e-type=\"widget\" data-settings=\"{&quot;_animation&quot;:&quot;wd-anim-right-flip-y&quot;,&quot;_animation_delay&quot;:300}\" data-widget_type=\"icon-box.default\">\n\t\t\t\t<div class=\"elementor-widget-container\">\n\t\t\t\t\t\t\t<div class=\"elementor-icon-box-wrapper\">\n\n\t\t\t\t\t\t<div class=\"elementor-icon-box-icon\">\n\t\t\t\t<span  class=\"elementor-icon\">\n\t\t\t\t<svg aria-hidden=\"true\" class=\"e-font-icon-svg e-fas-shipping-fast\" viewBox=\"0 0 640 512\" xmlns=\"http:\/\/www.w3.org\/2000\/svg\"><path d=\"M624 352h-16V243.9c0-12.7-5.1-24.9-14.1-33.9L494 110.1c-9-9-21.2-14.1-33.9-14.1H416V48c0-26.5-21.5-48-48-48H112C85.5 0 64 21.5 64 48v48H8c-4.4 0-8 3.6-8 8v16c0 4.4 3.6 8 8 8h272c4.4 0 8 3.6 8 8v16c0 4.4-3.6 8-8 8H40c-4.4 0-8 3.6-8 8v16c0 4.4 3.6 8 8 8h208c4.4 0 8 3.6 8 8v16c0 4.4-3.6 8-8 8H8c-4.4 0-8 3.6-8 8v16c0 4.4 3.6 8 8 8h208c4.4 0 8 3.6 8 8v16c0 4.4-3.6 8-8 8H64v128c0 53 43 96 96 96s96-43 96-96h128c0 53 43 96 96 96s96-43 96-96h48c8.8 0 16-7.2 16-16v-32c0-8.8-7.2-16-16-16zM160 464c-26.5 0-48-21.5-48-48s21.5-48 48-48 48 21.5 48 48-21.5 48-48 48zm320 0c-26.5 0-48-21.5-48-48s21.5-48 48-48 48 21.5 48 48-21.5 48-48 48zm80-208H416V144h44.1l99.9 99.9V256z\"><\/path><\/svg>\t\t\t\t<\/span>\n\t\t\t<\/div>\n\t\t\t\n\t\t\t\t\t\t<div class=\"elementor-icon-box-content\">\n\n\t\t\t\t\t\t\t\t\t<h3 class=\"elementor-icon-box-title\">\n\t\t\t\t\t\t<span  >\n\t\t\t\t\t\t\tGRATIS LIEFERUNG\t\t\t\t\t\t<\/span>\n\t\t\t\t\t<\/h3>\n\t\t\t\t\n\t\t\t\t\t\t\t\t\t<p class=\"elementor-icon-box-description\">\n\t\t\t\t\t\tf\u00fcr Bestellungen \u00fcber \u20ac\/CHF 40\t\t\t\t\t<\/p>\n\t\t\t\t\n\t\t\t<\/div>\n\t\t\t\n\t\t<\/div>\n\t\t\t\t\t\t<\/div>\n\t\t\t\t<\/div>\n\t\t\t\t\t<\/div>\n\t\t<\/div>\n\t\t\t\t<div class=\"elementor-column elementor-col-33 elementor-top-column elementor-element elementor-element-6319b73\" data-id=\"6319b73\" data-element_type=\"column\" data-e-type=\"column\">\n\t\t\t<div class=\"elementor-widget-wrap elementor-element-populated\">\n\t\t\t\t\t\t<div class=\"elementor-element elementor-element-ff1b9d4 elementor-view-default elementor-position-block-start elementor-mobile-position-block-start elementor-invisible elementor-widget elementor-widget-icon-box\" data-id=\"ff1b9d4\" data-element_type=\"widget\" data-e-type=\"widget\" data-settings=\"{&quot;_animation&quot;:&quot;wd-anim-right-flip-y&quot;}\" data-widget_type=\"icon-box.default\">\n\t\t\t\t<div class=\"elementor-widget-container\">\n\t\t\t\t\t\t\t<div class=\"elementor-icon-box-wrapper\">\n\n\t\t\t\t\t\t<div class=\"elementor-icon-box-icon\">\n\t\t\t\t<span  class=\"elementor-icon\">\n\t\t\t\t<svg aria-hidden=\"true\" class=\"e-font-icon-svg e-far-check-circle\" viewBox=\"0 0 512 512\" xmlns=\"http:\/\/www.w3.org\/2000\/svg\"><path d=\"M256 8C119.033 8 8 119.033 8 256s111.033 248 248 248 248-111.033 248-248S392.967 8 256 8zm0 48c110.532 0 200 89.451 200 200 0 110.532-89.451 200-200 200-110.532 0-200-89.451-200-200 0-110.532 89.451-200 200-200m140.204 130.267l-22.536-22.718c-4.667-4.705-12.265-4.736-16.97-.068L215.346 303.697l-59.792-60.277c-4.667-4.705-12.265-4.736-16.97-.069l-22.719 22.536c-4.705 4.667-4.736 12.265-.068 16.971l90.781 91.516c4.667 4.705 12.265 4.736 16.97.068l172.589-171.204c4.704-4.668 4.734-12.266.067-16.971z\"><\/path><\/svg>\t\t\t\t<\/span>\n\t\t\t<\/div>\n\t\t\t\n\t\t\t\t\t\t<div class=\"elementor-icon-box-content\">\n\n\t\t\t\t\t\t\t\t\t<h3 class=\"elementor-icon-box-title\">\n\t\t\t\t\t\t<span  >\n\t\t\t\t\t\t\tEINFACHE R\u00dcCKGABE\t\t\t\t\t\t<\/span>\n\t\t\t\t\t<\/h3>\n\t\t\t\t\n\t\t\t\t\t\t\t\t\t<p class=\"elementor-icon-box-description\">\n\t\t\t\t\t\tf\u00fcr alle Produkte\t\t\t\t\t<\/p>\n\t\t\t\t\n\t\t\t<\/div>\n\t\t\t\n\t\t<\/div>\n\t\t\t\t\t\t<\/div>\n\t\t\t\t<\/div>\n\t\t\t\t\t<\/div>\n\t\t<\/div>\n\t\t\t\t\t<\/div>\n\t\t<\/section>\n\t\t\t\t<\/div>\n\t\t\t\t<\/div>\n\t\t\t\t\t\t<\/div>\n\t\t\t\t<\/div>\n\t\t\t\t\t<\/div>\n\t\t<\/div>\n\t\t\t\t\t<\/div>\n\t\t<\/section>\n\t\t\t\t<\/div>\n\t\t","protected":false},"excerpt":{"rendered":"<p>Die Produkte werden \u00fcber angeschlossene Postdienste direkt an den Benutzer an die w\u00e4hrend der Bestellphase angegebene Lieferadresse geliefert. Bei der<\/p>\n","protected":false},"author":2,"featured_media":151069,"parent":0,"menu_order":0,"comment_status":"closed","ping_status":"closed","template":"","meta":{"footnotes":""},"class_list":["post-155487","page","type-page","status-publish","has-post-thumbnail","hentry"],"yoast_head":"<!-- This site is optimized with the Yoast SEO plugin v27.2 - https:\/\/yoast.com\/product\/yoast-seo-wordpress\/ -->\n<title>Versand &#8211; bluon<\/title>\n<meta name=\"description\" content=\"Die Produkte werden \u00fcber angeschlossene Postdienste direkt an den Benutzer an die w\u00e4hrend der Bestellphase angegebene Lieferadresse geliefert.\" \/>\n<meta name=\"robots\" content=\"index, follow, max-snippet:-1, max-image-preview:large, max-video-preview:-1\" \/>\n<link rel=\"canonical\" href=\"https:\/\/bluon.io\/de\/versand\/\" \/>\n<meta property=\"og:locale\" content=\"de_DE\" \/>\n<meta property=\"og:type\" content=\"article\" \/>\n<meta property=\"og:title\" content=\"Versand &#8211; bluon\" \/>\n<meta property=\"og:description\" content=\"Die Produkte werden \u00fcber angeschlossene Postdienste direkt an den Benutzer an die w\u00e4hrend der Bestellphase angegebene Lieferadresse geliefert.\" \/>\n<meta property=\"og:url\" content=\"https:\/\/bluon.io\/de\/versand\/\" \/>\n<meta property=\"og:site_name\" content=\"bluon\" \/>\n<meta property=\"article:publisher\" content=\"https:\/\/www.facebook.com\/semiperdo\" \/>\n<meta property=\"article:modified_time\" content=\"2022-07-05T13:04:35+00:00\" \/>\n<meta property=\"og:image\" content=\"https:\/\/bluon.io\/wp-content\/uploads\/2022\/02\/cropped-favicon_bluon_blu_O.png\" \/>\n\t<meta property=\"og:image:width\" content=\"512\" \/>\n\t<meta property=\"og:image:height\" content=\"512\" \/>\n\t<meta property=\"og:image:type\" content=\"image\/png\" \/>\n<meta name=\"twitter:card\" content=\"summary_large_image\" \/>\n<meta name=\"twitter:label1\" content=\"Gesch\u00e4tzte Lesezeit\" \/>\n\t<meta name=\"twitter:data1\" content=\"2\u00a0Minuten\" \/>\n<script type=\"application\/ld+json\" class=\"yoast-schema-graph\">{\"@context\":\"https:\/\/schema.org\",\"@graph\":[{\"@type\":\"WebPage\",\"@id\":\"https:\/\/bluon.io\/de\/versand\/\",\"url\":\"https:\/\/bluon.io\/de\/versand\/\",\"name\":\"Versand &#8211; bluon\",\"isPartOf\":{\"@id\":\"https:\/\/bluon.io\/de\/#website\"},\"primaryImageOfPage\":{\"@id\":\"https:\/\/bluon.io\/de\/versand\/#primaryimage\"},\"image\":{\"@id\":\"https:\/\/bluon.io\/de\/versand\/#primaryimage\"},\"thumbnailUrl\":\"https:\/\/bluon.io\/wp-content\/uploads\/2022\/02\/cropped-favicon_bluon_blu_O.png\",\"datePublished\":\"2022-03-03T15:20:05+00:00\",\"dateModified\":\"2022-07-05T13:04:35+00:00\",\"description\":\"Die Produkte werden \u00fcber angeschlossene Postdienste direkt an den Benutzer an die w\u00e4hrend der Bestellphase angegebene Lieferadresse geliefert.\",\"breadcrumb\":{\"@id\":\"https:\/\/bluon.io\/de\/versand\/#breadcrumb\"},\"inLanguage\":\"de\",\"potentialAction\":[{\"@type\":\"ReadAction\",\"target\":[\"https:\/\/bluon.io\/de\/versand\/\"]}]},{\"@type\":\"ImageObject\",\"inLanguage\":\"de\",\"@id\":\"https:\/\/bluon.io\/de\/versand\/#primaryimage\",\"url\":\"https:\/\/bluon.io\/wp-content\/uploads\/2022\/02\/cropped-favicon_bluon_blu_O.png\",\"contentUrl\":\"https:\/\/bluon.io\/wp-content\/uploads\/2022\/02\/cropped-favicon_bluon_blu_O.png\",\"width\":512,\"height\":512},{\"@type\":\"BreadcrumbList\",\"@id\":\"https:\/\/bluon.io\/de\/versand\/#breadcrumb\",\"itemListElement\":[{\"@type\":\"ListItem\",\"position\":1,\"name\":\"Home\",\"item\":\"https:\/\/bluon.io\/de\/\"},{\"@type\":\"ListItem\",\"position\":2,\"name\":\"Versand\"}]},{\"@type\":\"WebSite\",\"@id\":\"https:\/\/bluon.io\/de\/#website\",\"url\":\"https:\/\/bluon.io\/de\/\",\"name\":\"bluon\",\"description\":\"Proteggi chi ami.\",\"publisher\":{\"@id\":\"https:\/\/bluon.io\/de\/#organization\"},\"potentialAction\":[{\"@type\":\"SearchAction\",\"target\":{\"@type\":\"EntryPoint\",\"urlTemplate\":\"https:\/\/bluon.io\/de\/?s={search_term_string}\"},\"query-input\":{\"@type\":\"PropertyValueSpecification\",\"valueRequired\":true,\"valueName\":\"search_term_string\"}}],\"inLanguage\":\"de\"},{\"@type\":\"Organization\",\"@id\":\"https:\/\/bluon.io\/de\/#organization\",\"name\":\"blu oberon\",\"url\":\"https:\/\/bluon.io\/de\/\",\"logo\":{\"@type\":\"ImageObject\",\"inLanguage\":\"de\",\"@id\":\"https:\/\/bluon.io\/de\/#\/schema\/logo\/image\/\",\"url\":\"https:\/\/bluon.io\/wp-content\/uploads\/2022\/02\/cropped-favicon_bluon_blu_O.png\",\"contentUrl\":\"https:\/\/bluon.io\/wp-content\/uploads\/2022\/02\/cropped-favicon_bluon_blu_O.png\",\"width\":512,\"height\":512,\"caption\":\"blu oberon\"},\"image\":{\"@id\":\"https:\/\/bluon.io\/de\/#\/schema\/logo\/image\/\"},\"sameAs\":[\"https:\/\/www.facebook.com\/semiperdo\",\"https:\/\/www.instagram.com\/semiperdo\/\",\"https:\/\/www.youtube.com\/channel\/UCWSOgCMc851BGG99GADUp6A\"]}]}<\/script>\n<!-- \/ Yoast SEO plugin. -->","yoast_head_json":{"title":"Versand &#8211; bluon","description":"Die Produkte werden \u00fcber angeschlossene Postdienste direkt an den Benutzer an die w\u00e4hrend der Bestellphase angegebene Lieferadresse geliefert.","robots":{"index":"index","follow":"follow","max-snippet":"max-snippet:-1","max-image-preview":"max-image-preview:large","max-video-preview":"max-video-preview:-1"},"canonical":"https:\/\/bluon.io\/de\/versand\/","og_locale":"de_DE","og_type":"article","og_title":"Versand &#8211; bluon","og_description":"Die Produkte werden \u00fcber angeschlossene Postdienste direkt an den Benutzer an die w\u00e4hrend der Bestellphase angegebene Lieferadresse geliefert.","og_url":"https:\/\/bluon.io\/de\/versand\/","og_site_name":"bluon","article_publisher":"https:\/\/www.facebook.com\/semiperdo","article_modified_time":"2022-07-05T13:04:35+00:00","og_image":[{"width":512,"height":512,"url":"https:\/\/bluon.io\/wp-content\/uploads\/2022\/02\/cropped-favicon_bluon_blu_O.png","type":"image\/png"}],"twitter_card":"summary_large_image","twitter_misc":{"Gesch\u00e4tzte Lesezeit":"2\u00a0Minuten"},"schema":{"@context":"https:\/\/schema.org","@graph":[{"@type":"WebPage","@id":"https:\/\/bluon.io\/de\/versand\/","url":"https:\/\/bluon.io\/de\/versand\/","name":"Versand &#8211; bluon","isPartOf":{"@id":"https:\/\/bluon.io\/de\/#website"},"primaryImageOfPage":{"@id":"https:\/\/bluon.io\/de\/versand\/#primaryimage"},"image":{"@id":"https:\/\/bluon.io\/de\/versand\/#primaryimage"},"thumbnailUrl":"https:\/\/bluon.io\/wp-content\/uploads\/2022\/02\/cropped-favicon_bluon_blu_O.png","datePublished":"2022-03-03T15:20:05+00:00","dateModified":"2022-07-05T13:04:35+00:00","description":"Die Produkte werden \u00fcber angeschlossene Postdienste direkt an den Benutzer an die w\u00e4hrend der Bestellphase angegebene Lieferadresse geliefert.","breadcrumb":{"@id":"https:\/\/bluon.io\/de\/versand\/#breadcrumb"},"inLanguage":"de","potentialAction":[{"@type":"ReadAction","target":["https:\/\/bluon.io\/de\/versand\/"]}]},{"@type":"ImageObject","inLanguage":"de","@id":"https:\/\/bluon.io\/de\/versand\/#primaryimage","url":"https:\/\/bluon.io\/wp-content\/uploads\/2022\/02\/cropped-favicon_bluon_blu_O.png","contentUrl":"https:\/\/bluon.io\/wp-content\/uploads\/2022\/02\/cropped-favicon_bluon_blu_O.png","width":512,"height":512},{"@type":"BreadcrumbList","@id":"https:\/\/bluon.io\/de\/versand\/#breadcrumb","itemListElement":[{"@type":"ListItem","position":1,"name":"Home","item":"https:\/\/bluon.io\/de\/"},{"@type":"ListItem","position":2,"name":"Versand"}]},{"@type":"WebSite","@id":"https:\/\/bluon.io\/de\/#website","url":"https:\/\/bluon.io\/de\/","name":"bluon","description":"Proteggi chi ami.","publisher":{"@id":"https:\/\/bluon.io\/de\/#organization"},"potentialAction":[{"@type":"SearchAction","target":{"@type":"EntryPoint","urlTemplate":"https:\/\/bluon.io\/de\/?s={search_term_string}"},"query-input":{"@type":"PropertyValueSpecification","valueRequired":true,"valueName":"search_term_string"}}],"inLanguage":"de"},{"@type":"Organization","@id":"https:\/\/bluon.io\/de\/#organization","name":"blu oberon","url":"https:\/\/bluon.io\/de\/","logo":{"@type":"ImageObject","inLanguage":"de","@id":"https:\/\/bluon.io\/de\/#\/schema\/logo\/image\/","url":"https:\/\/bluon.io\/wp-content\/uploads\/2022\/02\/cropped-favicon_bluon_blu_O.png","contentUrl":"https:\/\/bluon.io\/wp-content\/uploads\/2022\/02\/cropped-favicon_bluon_blu_O.png","width":512,"height":512,"caption":"blu oberon"},"image":{"@id":"https:\/\/bluon.io\/de\/#\/schema\/logo\/image\/"},"sameAs":["https:\/\/www.facebook.com\/semiperdo","https:\/\/www.instagram.com\/semiperdo\/","https:\/\/www.youtube.com\/channel\/UCWSOgCMc851BGG99GADUp6A"]}]}},"_links":{"self":[{"href":"https:\/\/bluon.io\/de\/wp-json\/wp\/v2\/pages\/155487","targetHints":{"allow":["GET"]}}],"collection":[{"href":"https:\/\/bluon.io\/de\/wp-json\/wp\/v2\/pages"}],"about":[{"href":"https:\/\/bluon.io\/de\/wp-json\/wp\/v2\/types\/page"}],"author":[{"embeddable":true,"href":"https:\/\/bluon.io\/de\/wp-json\/wp\/v2\/users\/2"}],"replies":[{"embeddable":true,"href":"https:\/\/bluon.io\/de\/wp-json\/wp\/v2\/comments?post=155487"}],"version-history":[{"count":0,"href":"https:\/\/bluon.io\/de\/wp-json\/wp\/v2\/pages\/155487\/revisions"}],"wp:featuredmedia":[{"embeddable":true,"href":"https:\/\/bluon.io\/de\/wp-json\/wp\/v2\/media\/151069"}],"wp:attachment":[{"href":"https:\/\/bluon.io\/de\/wp-json\/wp\/v2\/media?parent=155487"}],"curies":[{"name":"wp","href":"https:\/\/api.w.org\/{rel}","templated":true}]}}